{"id":13735,"date":"2020-09-29T10:26:02","date_gmt":"2020-09-29T08:26:02","guid":{"rendered":"https:\/\/slovakiaauto.sk\/bezplatna-oprava-v-zarucnej-dobe\/"},"modified":"2025-01-17T11:04:29","modified_gmt":"2025-01-17T10:04:29","slug":"bezplatna-oprava-v-zarucnej-dobe","status":"publish","type":"page","link":"https:\/\/slovakiaauto.sk\/en\/bezplatna-oprava-v-zarucnej-dobe\/","title":{"rendered":"BEZPLATN\u00c1 OPRAVA V Z\u00c1RU\u010cNEJ DOBE"},"content":{"rendered":"\n<p><\/p>\n\n\n\n<p><\/p>\n\n\n\n<p><\/p>\n\n\n\n<p><\/p>\n\n\n\n<p><\/p>\n\n\n\n<p><\/p>\n\n\n\n<p><\/p>\n\n\n\n<p><\/p>\n\n\n\n<p><\/p>\n\n\n\n<p><\/p>\n\n\n\n<p><\/p>\n\n\n\n<h4>Z\u00e1ruka sa v\u0161ak nevz\u0165ahuje na pr\u00edpady, ak ide o:<\/h4>\n\n\n\n<ol><li>faktory, na ktor\u00e9 v\u00fdrobca nem\u00e1 vplyv<\/li><li>d\u00f4sledok nedostato\u010dnej \u00fadr\u017eby<\/li><li>be\u017en\u00e9 opotrebenie<\/li><li>pr\u00edpad, ke\u010f nie je mo\u017en\u00e9 po\u010det najazden\u00fdch kilometrov riadne stanovit\u2018<\/li><li><a href=\"https:\/\/slovakiaauto.sk\/sedem-rocna-zaruka-kia-ako-to-s-nou-je\/\">niektor\u00e9 \u010fal\u0161ie pr\u00edpady<\/a>.<\/li><\/ol>\n\n\n\n<p><\/p>\n","protected":false},"excerpt":{"rendered":"<p>Z\u00e1ruka sa v\u0161ak nevz\u0165ahuje na pr\u00edpady, ak ide o: faktory, na ktor\u00e9 v\u00fdrobca nem\u00e1 vplyv d\u00f4sledok nedostato\u010dnej \u00fadr\u017eby be\u017en\u00e9 opotrebenie pr\u00edpad, ke\u010f nie je mo\u017en\u00e9 po\u010det najazden\u00fdch kilometrov riadne stanovit\u2018 niektor\u00e9 \u010fal\u0161ie pr\u00edpady.<\/p>\n","protected":false},"author":2,"featured_media":0,"parent":0,"menu_order":0,"comment_status":"closed","ping_status":"closed","template":"templates\/vyskladany-obsah.php","meta":{"inline_featured_image":false},"acf":{"obsah":[{"acf_fc_layout":"hlavicka_blok","blok_obrazok":{"ID":81082,"id":81082,"title":"kia-renew","filename":"kia-renew-1.jpg","filesize":468101,"url":"https:\/\/slovakiaauto.sk\/wp-content\/uploads\/2025\/01\/kia-renew-1.jpg","link":"https:\/\/slovakiaauto.sk\/en\/bezplatna-oprava-v-zarucnej-dobe\/kia-renew-2-2\/","alt":"","author":"13","description":"","caption":"","name":"kia-renew-2-2","status":"inherit","uploaded_to":13735,"date":"2025-01-17 10:03:40","modified":"2025-01-17 10:03:40","menu_order":0,"mime_type":"image\/jpeg","type":"image","subtype":"jpeg","icon":"https:\/\/slovakiaauto.sk\/wp-includes\/images\/media\/default.png","width":1920,"height":720,"sizes":{"thumbnail":"https:\/\/slovakiaauto.sk\/wp-content\/uploads\/2025\/01\/kia-renew-1-150x150.jpg","thumbnail-width":150,"thumbnail-height":150,"medium":"https:\/\/slovakiaauto.sk\/wp-content\/uploads\/2025\/01\/kia-renew-1-300x113.jpg","medium-width":300,"medium-height":113,"medium_large":"https:\/\/slovakiaauto.sk\/wp-content\/uploads\/2025\/01\/kia-renew-1-768x288.jpg","medium_large-width":600,"medium_large-height":225,"large":"https:\/\/slovakiaauto.sk\/wp-content\/uploads\/2025\/01\/kia-renew-1-1024x384.jpg","large-width":600,"large-height":225,"1536x1536":"https:\/\/slovakiaauto.sk\/wp-content\/uploads\/2025\/01\/kia-renew-1-1536x576.jpg","1536x1536-width":1536,"1536x1536-height":576,"2048x2048":"https:\/\/slovakiaauto.sk\/wp-content\/uploads\/2025\/01\/kia-renew-1.jpg","2048x2048-width":1920,"2048x2048-height":720}},"blok_tagy":false,"blok_nadpis":"BEZPLATN\u00c1 OPRAVA V Z\u00c1RU\u010cNEJ DOBE","blok_text":""},{"acf_fc_layout":"hlavny_text","zobrazit_hlavny_text":true}]},"yoast_head":"<!-- This site is optimized with the Yoast SEO plugin v18.4.1 - https:\/\/yoast.com\/wordpress\/plugins\/seo\/ -->\n<title>BEZPLATN\u00c1 OPRAVA V Z\u00c1RU\u010cNEJ DOBE - SlovaKIAauto<\/title>\n<meta name=\"robots\" content=\"index, follow, max-snippet:-1, max-image-preview:large, max-video-preview:-1\" \/>\n<link rel=\"canonical\" href=\"https:\/\/slovakiaauto.sk\/en\/bezplatna-oprava-v-zarucnej-dobe\/\" \/>\n<meta property=\"og:locale\" content=\"en_US\" \/>\n<meta property=\"og:type\" content=\"article\" \/>\n<meta property=\"og:title\" content=\"BEZPLATN\u00c1 OPRAVA V Z\u00c1RU\u010cNEJ DOBE - SlovaKIAauto\" \/>\n<meta property=\"og:description\" content=\"Z\u00e1ruka sa v\u0161ak nevz\u0165ahuje na pr\u00edpady, ak ide o: faktory, na ktor\u00e9 v\u00fdrobca nem\u00e1 vplyv d\u00f4sledok nedostato\u010dnej \u00fadr\u017eby be\u017en\u00e9 opotrebenie pr\u00edpad, ke\u010f nie je mo\u017en\u00e9 po\u010det najazden\u00fdch kilometrov riadne stanovit\u2018 niektor\u00e9 \u010fal\u0161ie pr\u00edpady.\" \/>\n<meta property=\"og:url\" content=\"https:\/\/slovakiaauto.sk\/en\/bezplatna-oprava-v-zarucnej-dobe\/\" \/>\n<meta property=\"og:site_name\" content=\"SlovaKIAauto\" \/>\n<meta property=\"article:publisher\" content=\"https:\/\/www.facebook.com\/slovakiaauto\/\" \/>\n<meta property=\"article:modified_time\" content=\"2025-01-17T10:04:29+00:00\" \/>\n<meta name=\"twitter:card\" content=\"summary_large_image\" \/>\n<script type=\"application\/ld+json\" class=\"yoast-schema-graph\">{\"@context\":\"https:\/\/schema.org\",\"@graph\":[{\"@type\":\"WebSite\",\"@id\":\"https:\/\/slovakiaauto.sk\/#website\",\"url\":\"https:\/\/slovakiaauto.sk\/\",\"name\":\"SlovaKIAauto\",\"description\":\"Autorizovan\u00fd predaj a servis KIA\",\"potentialAction\":[{\"@type\":\"SearchAction\",\"target\":{\"@type\":\"EntryPoint\",\"urlTemplate\":\"https:\/\/slovakiaauto.sk\/?s={search_term_string}\"},\"query-input\":\"required name=search_term_string\"}],\"inLanguage\":\"en-US\"},{\"@type\":\"WebPage\",\"@id\":\"https:\/\/slovakiaauto.sk\/en\/bezplatna-oprava-v-zarucnej-dobe\/#webpage\",\"url\":\"https:\/\/slovakiaauto.sk\/en\/bezplatna-oprava-v-zarucnej-dobe\/\",\"name\":\"BEZPLATN\u00c1 OPRAVA V Z\u00c1RU\u010cNEJ DOBE - SlovaKIAauto\",\"isPartOf\":{\"@id\":\"https:\/\/slovakiaauto.sk\/#website\"},\"datePublished\":\"2020-09-29T08:26:02+00:00\",\"dateModified\":\"2025-01-17T10:04:29+00:00\",\"breadcrumb\":{\"@id\":\"https:\/\/slovakiaauto.sk\/en\/bezplatna-oprava-v-zarucnej-dobe\/#breadcrumb\"},\"inLanguage\":\"en-US\",\"potentialAction\":[{\"@type\":\"ReadAction\",\"target\":[\"https:\/\/slovakiaauto.sk\/en\/bezplatna-oprava-v-zarucnej-dobe\/\"]}]},{\"@type\":\"BreadcrumbList\",\"@id\":\"https:\/\/slovakiaauto.sk\/en\/bezplatna-oprava-v-zarucnej-dobe\/#breadcrumb\",\"itemListElement\":[{\"@type\":\"ListItem\",\"position\":1,\"name\":\"Domovsk\u00e1 str\u00e1nka\",\"item\":\"https:\/\/slovakiaauto.sk\/en\/\"},{\"@type\":\"ListItem\",\"position\":2,\"name\":\"BEZPLATN\u00c1 OPRAVA V Z\u00c1RU\u010cNEJ DOBE\"}]}]}<\/script>\n<!-- \/ Yoast SEO plugin. -->","yoast_head_json":{"title":"BEZPLATN\u00c1 OPRAVA V Z\u00c1RU\u010cNEJ DOBE - SlovaKIAauto","robots":{"index":"index","follow":"follow","max-snippet":"max-snippet:-1","max-image-preview":"max-image-preview:large","max-video-preview":"max-video-preview:-1"},"canonical":"https:\/\/slovakiaauto.sk\/en\/bezplatna-oprava-v-zarucnej-dobe\/","og_locale":"en_US","og_type":"article","og_title":"BEZPLATN\u00c1 OPRAVA V Z\u00c1RU\u010cNEJ DOBE - SlovaKIAauto","og_description":"Z\u00e1ruka sa v\u0161ak nevz\u0165ahuje na pr\u00edpady, ak ide o: faktory, na ktor\u00e9 v\u00fdrobca nem\u00e1 vplyv d\u00f4sledok nedostato\u010dnej \u00fadr\u017eby be\u017en\u00e9 opotrebenie pr\u00edpad, ke\u010f nie je mo\u017en\u00e9 po\u010det najazden\u00fdch kilometrov riadne stanovit\u2018 niektor\u00e9 \u010fal\u0161ie pr\u00edpady.","og_url":"https:\/\/slovakiaauto.sk\/en\/bezplatna-oprava-v-zarucnej-dobe\/","og_site_name":"SlovaKIAauto","article_publisher":"https:\/\/www.facebook.com\/slovakiaauto\/","article_modified_time":"2025-01-17T10:04:29+00:00","twitter_card":"summary_large_image","schema":{"@context":"https:\/\/schema.org","@graph":[{"@type":"WebSite","@id":"https:\/\/slovakiaauto.sk\/#website","url":"https:\/\/slovakiaauto.sk\/","name":"SlovaKIAauto","description":"Autorizovan\u00fd predaj a servis KIA","potentialAction":[{"@type":"SearchAction","target":{"@type":"EntryPoint","urlTemplate":"https:\/\/slovakiaauto.sk\/?s={search_term_string}"},"query-input":"required name=search_term_string"}],"inLanguage":"en-US"},{"@type":"WebPage","@id":"https:\/\/slovakiaauto.sk\/en\/bezplatna-oprava-v-zarucnej-dobe\/#webpage","url":"https:\/\/slovakiaauto.sk\/en\/bezplatna-oprava-v-zarucnej-dobe\/","name":"BEZPLATN\u00c1 OPRAVA V Z\u00c1RU\u010cNEJ DOBE - SlovaKIAauto","isPartOf":{"@id":"https:\/\/slovakiaauto.sk\/#website"},"datePublished":"2020-09-29T08:26:02+00:00","dateModified":"2025-01-17T10:04:29+00:00","breadcrumb":{"@id":"https:\/\/slovakiaauto.sk\/en\/bezplatna-oprava-v-zarucnej-dobe\/#breadcrumb"},"inLanguage":"en-US","potentialAction":[{"@type":"ReadAction","target":["https:\/\/slovakiaauto.sk\/en\/bezplatna-oprava-v-zarucnej-dobe\/"]}]},{"@type":"BreadcrumbList","@id":"https:\/\/slovakiaauto.sk\/en\/bezplatna-oprava-v-zarucnej-dobe\/#breadcrumb","itemListElement":[{"@type":"ListItem","position":1,"name":"Domovsk\u00e1 str\u00e1nka","item":"https:\/\/slovakiaauto.sk\/en\/"},{"@type":"ListItem","position":2,"name":"BEZPLATN\u00c1 OPRAVA V Z\u00c1RU\u010cNEJ DOBE"}]}]}}}