{"id":13738,"date":"2020-09-03T22:07:16","date_gmt":"2020-09-03T20:07:16","guid":{"rendered":"https:\/\/slovakiaauto.sk\/informacie-o-cookies\/"},"modified":"2025-01-17T11:27:56","modified_gmt":"2025-01-17T10:27:56","slug":"informacie-o-cookies","status":"publish","type":"page","link":"https:\/\/slovakiaauto.sk\/en\/informacie-o-cookies\/","title":{"rendered":"Inform\u00e1cie o cookies"},"content":{"rendered":"\n<p><strong>S\u00fabory cookie<\/strong><br>Webov\u00e9 s\u00eddlo Slovakiaauto pou\u017e\u00edva s\u00fabory cookie, ktor\u00e9 s\u00fa z technick\u00e9ho h\u013eadiska potrebn\u00e9 na jeho pou\u017e\u00edvanie, ako aj na realiz\u00e1ciu obsahu a slu\u017eieb, ktor\u00e9 si vy\u017eiadate. S\u00fabory cookie s\u00fa mal\u00e9 textov\u00e9 s\u00fabory, ktor\u00e9 sa ukladaj\u00fa vo va\u0161om zariaden\u00ed, ke\u010f pou\u017e\u00edvate webov\u00e9 str\u00e1nky a aplik\u00e1cie. Vy sami m\u00f4\u017eete rozhodn\u00fa\u0165 o tom, ako bud\u00fa webov\u00e9 str\u00e1nky tieto s\u00fabory cookie pou\u017e\u00edva\u0165, a to zvolen\u00edm zodpovedaj\u00facich nastaven\u00ed ochrany osobn\u00fdch \u00fadajov\/nastaven\u00ed s\u00fakromia vo va\u0161om prehliada\u010di (\u010fal\u0161ie inform\u00e1cie n\u00e1jdete vo svojom prehliada\u010di pomocou funkcie Pomocn\u00edk). Ak ste \u00faplne zak\u00e1zali pou\u017e\u00edvanie s\u00faborov cookie, nebudete m\u00f4c\u0165 vyu\u017ei\u0165 niektor\u00e9 funkcie Webov\u00e9ho s\u00eddla Slovakiaauto.<\/p>\n\n\n\n<p><strong>Slu\u017eba Google Analytics<\/strong><br>Webov\u00e9 s\u00eddlo Slovakiaauto vyu\u017e\u00edva slu\u017ebu Google Analytics, webov\u00fa analytick\u00fa slu\u017ebu od spolo\u010dnosti Google Inc. (Google). Slu\u017eba Google Analytics vyu\u017e\u00edva takzvan\u00e9 s\u00fabory cookie. S\u00fabory cookie s\u00fa mal\u00e9 textov\u00e9 s\u00fabory, ktor\u00e9 sa ukladaj\u00fa vo va\u0161om zariaden\u00ed a ktor\u00e9 umo\u017e\u0148uj\u00fa anal\u00fdzu toho, ako pou\u017e\u00edvate Webov\u00e9 s\u00eddlo Slovakiaauto. Inform\u00e1cie generovan\u00e9 pomocou s\u00faborov cookie t\u00fdkaj\u00face sa v\u00e1\u0161ho pou\u017e\u00edvania Webov\u00e9ho s\u00eddla Slovakiaauto sa zvy\u010dajne pren\u00e1\u0161aj\u00fa a ukladaj\u00fa na server spolo\u010dnosti Google v USA. V \u010dlensk\u00fdch \u0161t\u00e1toch Eur\u00f3pskej \u00fanie alebo Eur\u00f3pskeho hospod\u00e1rskeho priestoru (EHP) bude va\u0161a IP adresa pred tak\u00fdmto prenosom skr\u00e1ten\u00e1 aktiv\u00e1ciou anonymiz\u00e1cie IP. Len vo v\u00fdnimo\u010dn\u00fdch pr\u00edpadoch m\u00f4\u017ee by\u0165 na server spolo\u010dnosti Google v USA odoslan\u00e1 va\u0161a \u00fapln\u00e1 IP adresa a skr\u00e1ten\u00e1 a\u017e tam. Spolo\u010dnos\u0165 Google pou\u017eije tieto inform\u00e1cie v mene Slovakia Aauto, s.r.o. s cie\u013eom vyhodnoti\u0165 va\u0161e pou\u017e\u00edvanie Webov\u00e9ho s\u00eddla Slovakiaauto, poda\u0165 spr\u00e1vy t\u00fdkaj\u00face sa aktivity Webov\u00e9ho s\u00eddla Slovakiaauto a realizova\u0165 \u010fal\u0161ie slu\u017eby s\u00favisiace s Webov\u00fdm s\u00eddlom Slovakiaauto a pou\u017e\u00edvan\u00edm internetu pre Slovakia Auto, s.r.o.. IP adresa prenesen\u00e1 z v\u00e1\u0161ho prehliada\u010da do spolo\u010dnosti Google v rozsahu slu\u017eby Google Analytics nebude prepojen\u00e1 so \u017eiadnymi \u010fal\u0161\u00edmi \u00fadajmi, ktor\u00e9 m\u00e1 k dispoz\u00edcii spolo\u010dnos\u0165 Google. Nastaveniu s\u00faborov cookie m\u00f4\u017eete zabr\u00e1ni\u0165 zvolen\u00edm zodpovedaj\u00facich nastaven\u00ed v softv\u00e9ri v\u00e1\u0161ho prehliada\u010da. Nezabudnite v\u0161ak, \u017ee ak \u00faplne zak\u00e1\u017eete pou\u017e\u00edvanie s\u00faborov cookie, nebudete m\u00f4c\u0165 vyu\u017ei\u0165 niektor\u00e9 funkcie Webov\u00e9ho s\u00eddla Slovakiaauto. M\u00f4\u017eete tie\u017e zabr\u00e1ni\u0165 spolo\u010dnosti Google zhroma\u017e\u010fova\u0165 a sprac\u00fava\u0165 \u00fadaje generovan\u00e9 s\u00fabormi cookie v s\u00favislosti s va\u0161\u00edm pou\u017e\u00edvan\u00edm Webov\u00e9ho port\u00e1lu Slovakiaauto (vr\u00e1tane va\u0161ej IP adresy). <\/p>\n\n\n\n<p>M\u00f4\u017eete tak urobi\u0165 stiahnut\u00edm a in\u0161tal\u00e1ciou doplnku prehliada\u010da, ktor\u00fd je k dispoz\u00edcii na:<a href=\" https:\/\/tools.google.com\/dlpage\/gaoptout?hl\"><strong> https:\/\/tools.google.com\/dlpage\/gaoptout?hl<\/strong><\/a> . Spolo\u010dnosti Google m\u00f4\u017eete zabr\u00e1ni\u0165 zhroma\u017e\u010fova\u0165 a sprac\u00fava\u0165 \u00fadaje generovan\u00e9 s\u00fabormi cookie v s\u00favislosti s va\u0161\u00edm pou\u017e\u00edvan\u00edm Webov\u00e9ho s\u00eddla Slovakiaauto (vr\u00e1tane va\u0161ej IP adresy) aj prostredn\u00edctvom tohto odkazu: <a href=\"https:\/\/tools.google.com\/dlpage\/gaoptout?hl\" target=\"_blank\" rel=\"noreferrer noopener\">https:\/\/tools.google.com\/dlpage\/gaoptout?hl<\/a> <\/p>\n\n\n\n<p><\/p>\n\n\n\n<p>Ak kliknete na odkaz, do v\u00e1\u0161ho zariadenia sa ulo\u017e\u00ed s\u00fabor cookie o odhl\u00e1sen\u00ed, ktor\u00fd v bud\u00facnosti zabr\u00e1ni zberu va\u0161ich \u00fadajov pri n\u00e1v\u0161teve Webov\u00e9ho s\u00eddla Slovakiaauto. \u010eal\u0161ie inform\u00e1cie o tom, ako spolo\u010dnos\u0165 Google vyu\u017e\u00edva \u00fadaje pri pou\u017e\u00edvan\u00ed webov\u00fdch str\u00e1nok a aplik\u00e1ci\u00ed partnerov spolo\u010dnosti Google,<strong>&nbsp;<a href=\"https:\/\/policies.google.com\/privacy?hl=sk\">n\u00e1jdete tu.<\/a><\/strong>&nbsp;<\/p>\n\n\n\n<p> <\/p>\n\n\n\n<div class=\"wp-block-file aligncenter\"><a href=\"https:\/\/slovakiaauto.sk\/wp-content\/uploads\/2022\/03\/Cookies_zasady.pdf\" class=\"wp-block-file__button\" download>Stiahnu\u0165 Cookies z\u00e1sady<\/a><\/div>\n","protected":false},"excerpt":{"rendered":"<p>S\u00fabory cookieWebov\u00e9 s\u00eddlo Slovakiaauto pou\u017e\u00edva s\u00fabory cookie, ktor\u00e9 s\u00fa z technick\u00e9ho h\u013eadiska potrebn\u00e9 na jeho pou\u017e\u00edvanie, ako aj na realiz\u00e1ciu obsahu a slu\u017eieb, ktor\u00e9 si vy\u017eiadate. S\u00fabory cookie s\u00fa mal\u00e9 textov\u00e9 s\u00fabory, ktor\u00e9 sa ukladaj\u00fa vo va\u0161om zariaden\u00ed, ke\u010f pou\u017e\u00edvate webov\u00e9 str\u00e1nky a aplik\u00e1cie. Vy sami m\u00f4\u017eete rozhodn\u00fa\u0165 o tom, ako bud\u00fa webov\u00e9 str\u00e1nky tieto [&hellip;]<\/p>\n","protected":false},"author":2,"featured_media":0,"parent":0,"menu_order":0,"comment_status":"closed","ping_status":"closed","template":"templates\/vyskladany-obsah.php","meta":{"inline_featured_image":false},"acf":{"obsah":[{"acf_fc_layout":"hlavicka_blok","blok_obrazok":{"ID":81100,"id":81100,"title":"kia-sportage-my22-discover-keyvisual-w-range","filename":"kia-sportage-my22-discover-keyvisual-w-range-1.jpg","filesize":255442,"url":"https:\/\/slovakiaauto.sk\/wp-content\/uploads\/2025\/01\/kia-sportage-my22-discover-keyvisual-w-range-1.jpg","link":"https:\/\/slovakiaauto.sk\/en\/informacie-o-cookies\/kia-sportage-my22-discover-keyvisual-w-range-2-2\/","alt":"","author":"13","description":"","caption":"","name":"kia-sportage-my22-discover-keyvisual-w-range-2-2","status":"inherit","uploaded_to":13738,"date":"2025-01-17 10:27:05","modified":"2025-01-17 10:27:05","menu_order":0,"mime_type":"image\/jpeg","type":"image","subtype":"jpeg","icon":"https:\/\/slovakiaauto.sk\/wp-includes\/images\/media\/default.png","width":1920,"height":1080,"sizes":{"thumbnail":"https:\/\/slovakiaauto.sk\/wp-content\/uploads\/2025\/01\/kia-sportage-my22-discover-keyvisual-w-range-1-150x150.jpg","thumbnail-width":150,"thumbnail-height":150,"medium":"https:\/\/slovakiaauto.sk\/wp-content\/uploads\/2025\/01\/kia-sportage-my22-discover-keyvisual-w-range-1-300x169.jpg","medium-width":300,"medium-height":169,"medium_large":"https:\/\/slovakiaauto.sk\/wp-content\/uploads\/2025\/01\/kia-sportage-my22-discover-keyvisual-w-range-1-768x432.jpg","medium_large-width":600,"medium_large-height":338,"large":"https:\/\/slovakiaauto.sk\/wp-content\/uploads\/2025\/01\/kia-sportage-my22-discover-keyvisual-w-range-1-1024x576.jpg","large-width":600,"large-height":338,"1536x1536":"https:\/\/slovakiaauto.sk\/wp-content\/uploads\/2025\/01\/kia-sportage-my22-discover-keyvisual-w-range-1-1536x864.jpg","1536x1536-width":1536,"1536x1536-height":864,"2048x2048":"https:\/\/slovakiaauto.sk\/wp-content\/uploads\/2025\/01\/kia-sportage-my22-discover-keyvisual-w-range-1.jpg","2048x2048-width":1920,"2048x2048-height":1080}},"blok_tagy":false,"blok_nadpis":"Inform\u00e1cie o cookies","blok_text":""},{"acf_fc_layout":"hlavny_text","zobrazit_hlavny_text":true}]},"yoast_head":"<!-- This site is optimized with the Yoast SEO plugin v18.4.1 - https:\/\/yoast.com\/wordpress\/plugins\/seo\/ -->\n<title>Inform\u00e1cie o cookies - SlovaKIAauto<\/title>\n<meta name=\"robots\" content=\"index, follow, max-snippet:-1, max-image-preview:large, max-video-preview:-1\" \/>\n<link rel=\"canonical\" href=\"https:\/\/slovakiaauto.sk\/en\/informacie-o-cookies\/\" \/>\n<meta property=\"og:locale\" content=\"en_US\" \/>\n<meta property=\"og:type\" content=\"article\" \/>\n<meta property=\"og:title\" content=\"Inform\u00e1cie o cookies - SlovaKIAauto\" \/>\n<meta property=\"og:description\" content=\"S\u00fabory cookieWebov\u00e9 s\u00eddlo Slovakiaauto pou\u017e\u00edva s\u00fabory cookie, ktor\u00e9 s\u00fa z technick\u00e9ho h\u013eadiska potrebn\u00e9 na jeho pou\u017e\u00edvanie, ako aj na realiz\u00e1ciu obsahu a slu\u017eieb, ktor\u00e9 si vy\u017eiadate. S\u00fabory cookie s\u00fa mal\u00e9 textov\u00e9 s\u00fabory, ktor\u00e9 sa ukladaj\u00fa vo va\u0161om zariaden\u00ed, ke\u010f pou\u017e\u00edvate webov\u00e9 str\u00e1nky a aplik\u00e1cie. Vy sami m\u00f4\u017eete rozhodn\u00fa\u0165 o tom, ako bud\u00fa webov\u00e9 str\u00e1nky tieto [&hellip;]\" \/>\n<meta property=\"og:url\" content=\"https:\/\/slovakiaauto.sk\/en\/informacie-o-cookies\/\" \/>\n<meta property=\"og:site_name\" content=\"SlovaKIAauto\" \/>\n<meta property=\"article:publisher\" content=\"https:\/\/www.facebook.com\/slovakiaauto\/\" \/>\n<meta property=\"article:modified_time\" content=\"2025-01-17T10:27:56+00:00\" \/>\n<meta name=\"twitter:card\" content=\"summary_large_image\" \/>\n<meta name=\"twitter:label1\" content=\"Est. reading time\" \/>\n\t<meta name=\"twitter:data1\" content=\"3 minutes\" \/>\n<script type=\"application\/ld+json\" class=\"yoast-schema-graph\">{\"@context\":\"https:\/\/schema.org\",\"@graph\":[{\"@type\":\"WebSite\",\"@id\":\"https:\/\/slovakiaauto.sk\/#website\",\"url\":\"https:\/\/slovakiaauto.sk\/\",\"name\":\"SlovaKIAauto\",\"description\":\"Autorizovan\u00fd predaj a servis KIA\",\"potentialAction\":[{\"@type\":\"SearchAction\",\"target\":{\"@type\":\"EntryPoint\",\"urlTemplate\":\"https:\/\/slovakiaauto.sk\/?s={search_term_string}\"},\"query-input\":\"required name=search_term_string\"}],\"inLanguage\":\"en-US\"},{\"@type\":\"WebPage\",\"@id\":\"https:\/\/slovakiaauto.sk\/en\/informacie-o-cookies\/#webpage\",\"url\":\"https:\/\/slovakiaauto.sk\/en\/informacie-o-cookies\/\",\"name\":\"Inform\u00e1cie o cookies - SlovaKIAauto\",\"isPartOf\":{\"@id\":\"https:\/\/slovakiaauto.sk\/#website\"},\"datePublished\":\"2020-09-03T20:07:16+00:00\",\"dateModified\":\"2025-01-17T10:27:56+00:00\",\"breadcrumb\":{\"@id\":\"https:\/\/slovakiaauto.sk\/en\/informacie-o-cookies\/#breadcrumb\"},\"inLanguage\":\"en-US\",\"potentialAction\":[{\"@type\":\"ReadAction\",\"target\":[\"https:\/\/slovakiaauto.sk\/en\/informacie-o-cookies\/\"]}]},{\"@type\":\"BreadcrumbList\",\"@id\":\"https:\/\/slovakiaauto.sk\/en\/informacie-o-cookies\/#breadcrumb\",\"itemListElement\":[{\"@type\":\"ListItem\",\"position\":1,\"name\":\"Domovsk\u00e1 str\u00e1nka\",\"item\":\"https:\/\/slovakiaauto.sk\/en\/\"},{\"@type\":\"ListItem\",\"position\":2,\"name\":\"Inform\u00e1cie o cookies\"}]}]}<\/script>\n<!-- \/ Yoast SEO plugin. -->","yoast_head_json":{"title":"Inform\u00e1cie o cookies - SlovaKIAauto","robots":{"index":"index","follow":"follow","max-snippet":"max-snippet:-1","max-image-preview":"max-image-preview:large","max-video-preview":"max-video-preview:-1"},"canonical":"https:\/\/slovakiaauto.sk\/en\/informacie-o-cookies\/","og_locale":"en_US","og_type":"article","og_title":"Inform\u00e1cie o cookies - SlovaKIAauto","og_description":"S\u00fabory cookieWebov\u00e9 s\u00eddlo Slovakiaauto pou\u017e\u00edva s\u00fabory cookie, ktor\u00e9 s\u00fa z technick\u00e9ho h\u013eadiska potrebn\u00e9 na jeho pou\u017e\u00edvanie, ako aj na realiz\u00e1ciu obsahu a slu\u017eieb, ktor\u00e9 si vy\u017eiadate. S\u00fabory cookie s\u00fa mal\u00e9 textov\u00e9 s\u00fabory, ktor\u00e9 sa ukladaj\u00fa vo va\u0161om zariaden\u00ed, ke\u010f pou\u017e\u00edvate webov\u00e9 str\u00e1nky a aplik\u00e1cie. Vy sami m\u00f4\u017eete rozhodn\u00fa\u0165 o tom, ako bud\u00fa webov\u00e9 str\u00e1nky tieto [&hellip;]","og_url":"https:\/\/slovakiaauto.sk\/en\/informacie-o-cookies\/","og_site_name":"SlovaKIAauto","article_publisher":"https:\/\/www.facebook.com\/slovakiaauto\/","article_modified_time":"2025-01-17T10:27:56+00:00","twitter_card":"summary_large_image","twitter_misc":{"Est. reading time":"3 minutes"},"schema":{"@context":"https:\/\/schema.org","@graph":[{"@type":"WebSite","@id":"https:\/\/slovakiaauto.sk\/#website","url":"https:\/\/slovakiaauto.sk\/","name":"SlovaKIAauto","description":"Autorizovan\u00fd predaj a servis KIA","potentialAction":[{"@type":"SearchAction","target":{"@type":"EntryPoint","urlTemplate":"https:\/\/slovakiaauto.sk\/?s={search_term_string}"},"query-input":"required name=search_term_string"}],"inLanguage":"en-US"},{"@type":"WebPage","@id":"https:\/\/slovakiaauto.sk\/en\/informacie-o-cookies\/#webpage","url":"https:\/\/slovakiaauto.sk\/en\/informacie-o-cookies\/","name":"Inform\u00e1cie o cookies - SlovaKIAauto","isPartOf":{"@id":"https:\/\/slovakiaauto.sk\/#website"},"datePublished":"2020-09-03T20:07:16+00:00","dateModified":"2025-01-17T10:27:56+00:00","breadcrumb":{"@id":"https:\/\/slovakiaauto.sk\/en\/informacie-o-cookies\/#breadcrumb"},"inLanguage":"en-US","potentialAction":[{"@type":"ReadAction","target":["https:\/\/slovakiaauto.sk\/en\/informacie-o-cookies\/"]}]},{"@type":"BreadcrumbList","@id":"https:\/\/slovakiaauto.sk\/en\/informacie-o-cookies\/#breadcrumb","itemListElement":[{"@type":"ListItem","position":1,"name":"Domovsk\u00e1 str\u00e1nka","item":"https:\/\/slovakiaauto.sk\/en\/"},{"@type":"ListItem","position":2,"name":"Inform\u00e1cie o cookies"}]}]}}}