{"id":13743,"date":"2020-09-29T10:33:00","date_gmt":"2020-09-29T08:33:00","guid":{"rendered":"https:\/\/slovakiaauto.sk\/oprava-pri-poistnej-udalosti\/"},"modified":"2025-01-17T11:06:50","modified_gmt":"2025-01-17T10:06:50","slug":"oprava-pri-poistnej-udalosti","status":"publish","type":"page","link":"https:\/\/slovakiaauto.sk\/en\/oprava-pri-poistnej-udalosti\/","title":{"rendered":"OPRAVA PRI POISTNEJ UDALOSTI"},"content":{"rendered":"\n<p><strong>Spolupracujeme s v\u00e4\u010d\u0161inou pois\u0165ovn\u00ed na trhu<\/strong>, tak\u017ee obhliadku &nbsp;vybav\u00edme z\u00e1rove\u0148 s opravou v\u00e1\u0161ho vozidla a vy u\u0161etr\u00edte drahocenn\u00fd \u010das. Pri vyu\u017eit\u00ed slu\u017eby KIA \u2013 ASSISTANCE, pokia\u013e je va\u0161e vozidlo nepojazdn\u00e9 viac ako 24 hod\u00edn, zabezpe\u010d\u00edme pre v\u00e1s i n\u00e1hradn\u00e9 vozidlo. &nbsp;Pre udr\u017eanie va\u0161ej z\u00e1ruky je d\u00f4le\u017eit\u00e9, aby opravu vykonal autorizovan\u00fd servis Kia.<\/p>\n\n\n\n<ul><li>\u010c\u00edtajte:&nbsp;<a href=\"https:\/\/slovakiaauto.sk\/poistna-udalost-zjednoduste-si-cestu-od-nehody-k-opravenemu-autu\/\" target=\"_blank\" rel=\"noreferrer noopener\">Zjednodu\u0161te si cestu od nehody k opraven\u00e9mu autu<\/a><\/li><\/ul>\n\n\n\n<figure class=\"wp-block-image\"><img alt=\"\"\/><\/figure>\n","protected":false},"excerpt":{"rendered":"<p>Spolupracujeme s v\u00e4\u010d\u0161inou pois\u0165ovn\u00ed na trhu, tak\u017ee obhliadku &nbsp;vybav\u00edme z\u00e1rove\u0148 s opravou v\u00e1\u0161ho vozidla a vy u\u0161etr\u00edte drahocenn\u00fd \u010das. Pri vyu\u017eit\u00ed slu\u017eby KIA \u2013 ASSISTANCE, pokia\u013e je va\u0161e vozidlo nepojazdn\u00e9 viac ako 24 hod\u00edn, zabezpe\u010d\u00edme pre v\u00e1s i n\u00e1hradn\u00e9 vozidlo. &nbsp;Pre udr\u017eanie va\u0161ej z\u00e1ruky je d\u00f4le\u017eit\u00e9, aby opravu vykonal autorizovan\u00fd servis Kia. \u010c\u00edtajte:&nbsp;Zjednodu\u0161te si cestu [&hellip;]<\/p>\n","protected":false},"author":2,"featured_media":0,"parent":0,"menu_order":0,"comment_status":"closed","ping_status":"closed","template":"templates\/vyskladany-obsah.php","meta":{"inline_featured_image":false},"acf":{"obsah":[{"acf_fc_layout":"hlavicka_blok","blok_obrazok":{"ID":81082,"id":81082,"title":"kia-renew","filename":"kia-renew-1.jpg","filesize":468101,"url":"https:\/\/slovakiaauto.sk\/wp-content\/uploads\/2025\/01\/kia-renew-1.jpg","link":"https:\/\/slovakiaauto.sk\/en\/bezplatna-oprava-v-zarucnej-dobe\/kia-renew-2-2\/","alt":"","author":"13","description":"","caption":"","name":"kia-renew-2-2","status":"inherit","uploaded_to":13735,"date":"2025-01-17 10:03:40","modified":"2025-01-17 10:03:40","menu_order":0,"mime_type":"image\/jpeg","type":"image","subtype":"jpeg","icon":"https:\/\/slovakiaauto.sk\/wp-includes\/images\/media\/default.png","width":1920,"height":720,"sizes":{"thumbnail":"https:\/\/slovakiaauto.sk\/wp-content\/uploads\/2025\/01\/kia-renew-1-150x150.jpg","thumbnail-width":150,"thumbnail-height":150,"medium":"https:\/\/slovakiaauto.sk\/wp-content\/uploads\/2025\/01\/kia-renew-1-300x113.jpg","medium-width":300,"medium-height":113,"medium_large":"https:\/\/slovakiaauto.sk\/wp-content\/uploads\/2025\/01\/kia-renew-1-768x288.jpg","medium_large-width":600,"medium_large-height":225,"large":"https:\/\/slovakiaauto.sk\/wp-content\/uploads\/2025\/01\/kia-renew-1-1024x384.jpg","large-width":600,"large-height":225,"1536x1536":"https:\/\/slovakiaauto.sk\/wp-content\/uploads\/2025\/01\/kia-renew-1-1536x576.jpg","1536x1536-width":1536,"1536x1536-height":576,"2048x2048":"https:\/\/slovakiaauto.sk\/wp-content\/uploads\/2025\/01\/kia-renew-1.jpg","2048x2048-width":1920,"2048x2048-height":720}},"blok_tagy":false,"blok_nadpis":"OPRAVA PRI POISTNEJ UDALOSTI","blok_text":""},{"acf_fc_layout":"hlavny_text","zobrazit_hlavny_text":true}]},"yoast_head":"<!-- This site is optimized with the Yoast SEO plugin v18.4.1 - https:\/\/yoast.com\/wordpress\/plugins\/seo\/ -->\n<title>OPRAVA PRI POISTNEJ UDALOSTI - SlovaKIAauto<\/title>\n<meta name=\"robots\" content=\"index, follow, max-snippet:-1, max-image-preview:large, max-video-preview:-1\" \/>\n<link rel=\"canonical\" href=\"https:\/\/slovakiaauto.sk\/en\/oprava-pri-poistnej-udalosti\/\" \/>\n<meta property=\"og:locale\" content=\"en_US\" \/>\n<meta property=\"og:type\" content=\"article\" \/>\n<meta property=\"og:title\" content=\"OPRAVA PRI POISTNEJ UDALOSTI - SlovaKIAauto\" \/>\n<meta property=\"og:description\" content=\"Spolupracujeme s v\u00e4\u010d\u0161inou pois\u0165ovn\u00ed na trhu, tak\u017ee obhliadku &nbsp;vybav\u00edme z\u00e1rove\u0148 s opravou v\u00e1\u0161ho vozidla a vy u\u0161etr\u00edte drahocenn\u00fd \u010das. Pri vyu\u017eit\u00ed slu\u017eby KIA \u2013 ASSISTANCE, pokia\u013e je va\u0161e vozidlo nepojazdn\u00e9 viac ako 24 hod\u00edn, zabezpe\u010d\u00edme pre v\u00e1s i n\u00e1hradn\u00e9 vozidlo. &nbsp;Pre udr\u017eanie va\u0161ej z\u00e1ruky je d\u00f4le\u017eit\u00e9, aby opravu vykonal autorizovan\u00fd servis Kia. \u010c\u00edtajte:&nbsp;Zjednodu\u0161te si cestu [&hellip;]\" \/>\n<meta property=\"og:url\" content=\"https:\/\/slovakiaauto.sk\/en\/oprava-pri-poistnej-udalosti\/\" \/>\n<meta property=\"og:site_name\" content=\"SlovaKIAauto\" \/>\n<meta property=\"article:publisher\" content=\"https:\/\/www.facebook.com\/slovakiaauto\/\" \/>\n<meta property=\"article:modified_time\" content=\"2025-01-17T10:06:50+00:00\" \/>\n<meta name=\"twitter:card\" content=\"summary_large_image\" \/>\n<script type=\"application\/ld+json\" class=\"yoast-schema-graph\">{\"@context\":\"https:\/\/schema.org\",\"@graph\":[{\"@type\":\"WebSite\",\"@id\":\"https:\/\/slovakiaauto.sk\/#website\",\"url\":\"https:\/\/slovakiaauto.sk\/\",\"name\":\"SlovaKIAauto\",\"description\":\"Autorizovan\u00fd predaj a servis KIA\",\"potentialAction\":[{\"@type\":\"SearchAction\",\"target\":{\"@type\":\"EntryPoint\",\"urlTemplate\":\"https:\/\/slovakiaauto.sk\/?s={search_term_string}\"},\"query-input\":\"required name=search_term_string\"}],\"inLanguage\":\"en-US\"},{\"@type\":\"WebPage\",\"@id\":\"https:\/\/slovakiaauto.sk\/en\/oprava-pri-poistnej-udalosti\/#webpage\",\"url\":\"https:\/\/slovakiaauto.sk\/en\/oprava-pri-poistnej-udalosti\/\",\"name\":\"OPRAVA PRI POISTNEJ UDALOSTI - SlovaKIAauto\",\"isPartOf\":{\"@id\":\"https:\/\/slovakiaauto.sk\/#website\"},\"datePublished\":\"2020-09-29T08:33:00+00:00\",\"dateModified\":\"2025-01-17T10:06:50+00:00\",\"breadcrumb\":{\"@id\":\"https:\/\/slovakiaauto.sk\/en\/oprava-pri-poistnej-udalosti\/#breadcrumb\"},\"inLanguage\":\"en-US\",\"potentialAction\":[{\"@type\":\"ReadAction\",\"target\":[\"https:\/\/slovakiaauto.sk\/en\/oprava-pri-poistnej-udalosti\/\"]}]},{\"@type\":\"BreadcrumbList\",\"@id\":\"https:\/\/slovakiaauto.sk\/en\/oprava-pri-poistnej-udalosti\/#breadcrumb\",\"itemListElement\":[{\"@type\":\"ListItem\",\"position\":1,\"name\":\"Domovsk\u00e1 str\u00e1nka\",\"item\":\"https:\/\/slovakiaauto.sk\/en\/\"},{\"@type\":\"ListItem\",\"position\":2,\"name\":\"OPRAVA PRI POISTNEJ UDALOSTI\"}]}]}<\/script>\n<!-- \/ Yoast SEO plugin. -->","yoast_head_json":{"title":"OPRAVA PRI POISTNEJ UDALOSTI - SlovaKIAauto","robots":{"index":"index","follow":"follow","max-snippet":"max-snippet:-1","max-image-preview":"max-image-preview:large","max-video-preview":"max-video-preview:-1"},"canonical":"https:\/\/slovakiaauto.sk\/en\/oprava-pri-poistnej-udalosti\/","og_locale":"en_US","og_type":"article","og_title":"OPRAVA PRI POISTNEJ UDALOSTI - SlovaKIAauto","og_description":"Spolupracujeme s v\u00e4\u010d\u0161inou pois\u0165ovn\u00ed na trhu, tak\u017ee obhliadku &nbsp;vybav\u00edme z\u00e1rove\u0148 s opravou v\u00e1\u0161ho vozidla a vy u\u0161etr\u00edte drahocenn\u00fd \u010das. Pri vyu\u017eit\u00ed slu\u017eby KIA \u2013 ASSISTANCE, pokia\u013e je va\u0161e vozidlo nepojazdn\u00e9 viac ako 24 hod\u00edn, zabezpe\u010d\u00edme pre v\u00e1s i n\u00e1hradn\u00e9 vozidlo. &nbsp;Pre udr\u017eanie va\u0161ej z\u00e1ruky je d\u00f4le\u017eit\u00e9, aby opravu vykonal autorizovan\u00fd servis Kia. \u010c\u00edtajte:&nbsp;Zjednodu\u0161te si cestu [&hellip;]","og_url":"https:\/\/slovakiaauto.sk\/en\/oprava-pri-poistnej-udalosti\/","og_site_name":"SlovaKIAauto","article_publisher":"https:\/\/www.facebook.com\/slovakiaauto\/","article_modified_time":"2025-01-17T10:06:50+00:00","twitter_card":"summary_large_image","schema":{"@context":"https:\/\/schema.org","@graph":[{"@type":"WebSite","@id":"https:\/\/slovakiaauto.sk\/#website","url":"https:\/\/slovakiaauto.sk\/","name":"SlovaKIAauto","description":"Autorizovan\u00fd predaj a servis KIA","potentialAction":[{"@type":"SearchAction","target":{"@type":"EntryPoint","urlTemplate":"https:\/\/slovakiaauto.sk\/?s={search_term_string}"},"query-input":"required name=search_term_string"}],"inLanguage":"en-US"},{"@type":"WebPage","@id":"https:\/\/slovakiaauto.sk\/en\/oprava-pri-poistnej-udalosti\/#webpage","url":"https:\/\/slovakiaauto.sk\/en\/oprava-pri-poistnej-udalosti\/","name":"OPRAVA PRI POISTNEJ UDALOSTI - SlovaKIAauto","isPartOf":{"@id":"https:\/\/slovakiaauto.sk\/#website"},"datePublished":"2020-09-29T08:33:00+00:00","dateModified":"2025-01-17T10:06:50+00:00","breadcrumb":{"@id":"https:\/\/slovakiaauto.sk\/en\/oprava-pri-poistnej-udalosti\/#breadcrumb"},"inLanguage":"en-US","potentialAction":[{"@type":"ReadAction","target":["https:\/\/slovakiaauto.sk\/en\/oprava-pri-poistnej-udalosti\/"]}]},{"@type":"BreadcrumbList","@id":"https:\/\/slovakiaauto.sk\/en\/oprava-pri-poistnej-udalosti\/#breadcrumb","itemListElement":[{"@type":"ListItem","position":1,"name":"Domovsk\u00e1 str\u00e1nka","item":"https:\/\/slovakiaauto.sk\/en\/"},{"@type":"ListItem","position":2,"name":"OPRAVA PRI POISTNEJ UDALOSTI"}]}]}}}