{"id":13751,"date":"2020-09-29T21:44:00","date_gmt":"2020-09-29T19:44:00","guid":{"rendered":"https:\/\/slovakiaauto.sk\/skusobna-jazda-noveho-vozidla\/"},"modified":"2020-12-16T00:28:08","modified_gmt":"2020-12-15T23:28:08","slug":"skusobna-jazda-noveho-vozidla","status":"publish","type":"page","link":"https:\/\/slovakiaauto.sk\/en\/skusobna-jazda-noveho-vozidla\/","title":{"rendered":"Sk\u00fa\u0161obn\u00e1 jazda nov\u00e9ho vozidla"},"content":{"rendered":"<div role=\"form\" class=\"wpcf7\" id=\"wpcf7-f13687-o1\" lang=\"sk-SK\" dir=\"ltr\">\n<div class=\"screen-reader-response\"><p role=\"status\" aria-live=\"polite\" aria-atomic=\"true\"><\/p> <ul><\/ul><\/div>\n<form action=\"\/en\/wp-json\/wp\/v2\/pages\/13751#wpcf7-f13687-o1\" method=\"post\" class=\"wpcf7-form init\" novalidate=\"novalidate\" data-status=\"init\">\n<div style=\"display: none;\">\n<input type=\"hidden\" name=\"_wpcf7\" value=\"13687\" \/>\n<input type=\"hidden\" name=\"_wpcf7_version\" value=\"5.4.2\" \/>\n<input type=\"hidden\" name=\"_wpcf7_locale\" value=\"sk_SK\" \/>\n<input type=\"hidden\" name=\"_wpcf7_unit_tag\" value=\"wpcf7-f13687-o1\" \/>\n<input type=\"hidden\" name=\"_wpcf7_container_post\" value=\"0\" \/>\n<input type=\"hidden\" name=\"_wpcf7_posted_data_hash\" value=\"\" \/>\n<input type=\"hidden\" name=\"_wpcf7_recaptcha_response\" value=\"\" \/>\n<\/div>\n<div class=\"form_line\">\n    <label class=\"lbl\">Va\u0161e meno*<\/label><br \/>\n    <span class=\"wpcf7-form-control-wrap meno\"><input type=\"text\" name=\"meno\" value=\"\" size=\"40\" class=\"wpcf7-form-control wpcf7-text wpcf7-validates-as-required input_text\" aria-required=\"true\" aria-invalid=\"false\" \/><\/span>\n<\/div>\n<div class=\"form_line gfield_error\">\n    <label class=\"lbl\">Email*<\/label><br \/>\n    <span class=\"wpcf7-form-control-wrap email\"><input type=\"email\" name=\"email\" value=\"\" size=\"40\" class=\"wpcf7-form-control wpcf7-text wpcf7-email wpcf7-validates-as-required wpcf7-validates-as-email input_text\" aria-required=\"true\" aria-invalid=\"false\" \/><\/span>\n<\/div>\n<div class=\"form_line\">\n    <label class=\"lbl\">Telef\u00f3nny kontakt*<\/label><br \/>\n    <span class=\"wpcf7-form-control-wrap telefon\"><input type=\"tel\" name=\"telefon\" value=\"\" size=\"40\" class=\"wpcf7-form-control wpcf7-text wpcf7-tel wpcf7-validates-as-required wpcf7-validates-as-tel input_text\" aria-required=\"true\" aria-invalid=\"false\" \/><\/span>\n<\/div>\n<div class=\"form_line\">\n    <label class=\"lbl\">Vozidlo*<\/label><br \/>\n    <span class=\"wpcf7-form-control-wrap vozidlo\"><input type=\"text\" name=\"vozidlo\" value=\"\" size=\"40\" class=\"wpcf7-form-control wpcf7-text wpcf7-validates-as-required input_text\" aria-required=\"true\" aria-invalid=\"false\" \/><\/span>\n<\/div>\n<div class=\"form_line\">\n<p>    <label class=\"lbl\">Preferovan\u00fd d\u00e1tum a \u010das alebo rozp\u00e4tie*<\/label><br \/>\n    <span class=\"wpcf7-form-control-wrap preferovany_cas\"><input type=\"text\" name=\"preferovany_cas\" value=\"\" size=\"40\" class=\"wpcf7-form-control wpcf7-text wpcf7-validates-as-required input_text\" aria-required=\"true\" aria-invalid=\"false\" placeholder=\"1.9.2025 16:00 - 17:00\" \/><\/span><\/p>\n<\/div>\n<div class=\"form_line hidden\">\n    <label class=\"lbl\">Link<\/label><br \/>\n    <span class=\"wpcf7-form-control-wrap link\"><input type=\"text\" name=\"link\" value=\"\" size=\"40\" class=\"wpcf7-form-control wpcf7-text input_text\" aria-invalid=\"false\" \/><\/span>\n<\/div>\n<div class=\"form_line\">\n    <label class=\"lbl\">Spr\u00e1va<\/label><br \/>\n    <span class=\"wpcf7-form-control-wrap sprava\"><textarea name=\"sprava\" cols=\"40\" rows=\"10\" class=\"wpcf7-form-control wpcf7-textarea wpcf7-validates-as-required input_text\" aria-required=\"true\" aria-invalid=\"false\"><\/textarea><\/span>\n<\/div>\n<div class=\"form_line\">\n<div class=\"lbl_checkbox\">\n        <span class=\"wpcf7-form-control-wrap suhlas_marketing\"><span class=\"wpcf7-form-control wpcf7-checkbox\"><span class=\"wpcf7-list-item first last\"><label><input type=\"checkbox\" name=\"suhlas_marketing[]\" value=\"S\u00fahlas\u00edm s pou\u017eit\u00edm osobn\u00fdch \u00fadajov na marketingov\u00e9 \u00fa\u010dely **\" \/><span class=\"wpcf7-list-item-label\">S\u00fahlas\u00edm s pou\u017eit\u00edm osobn\u00fdch \u00fadajov na marketingov\u00e9 \u00fa\u010dely **<\/span><\/label><\/span><\/span><\/span>\n    <\/div>\n<\/div>\n<div class=\"form_line\">\n    ** <a href=\"https:\/\/slovakiaauto.sk\/ochrana-sukromia\/\" target=\"_blank\">Z\u00e1sady ochrany osobn\u00fdch \u00fadajov Slovakia auto s.r.o.<\/a>\n<\/div>\n<div class=\"form_line\">\n    <input type=\"submit\" value=\"Odosla\u0165\" class=\"wpcf7-form-control wpcf7-submit btn_basic mid w100p\" \/>\n<\/div>\n<div class=\"wpcf7-response-output\" aria-hidden=\"true\"><\/div><\/form><\/div>\n\n\n\n<p><\/p>\n","protected":false},"excerpt":{"rendered":"","protected":false},"author":2,"featured_media":0,"parent":0,"menu_order":0,"comment_status":"closed","ping_status":"closed","template":"templates\/formular.php","meta":{"inline_featured_image":false},"acf":{"hlavicka":{"obrazok":{"ID":7950,"id":7950,"title":"bg","filename":"bg-1.jpg","filesize":130269,"url":"https:\/\/slovakiaauto.sk\/wp-content\/uploads\/2020\/09\/bg-1.jpg","link":"https:\/\/slovakiaauto.sk\/en\/servis-a-sluzby\/bg-2\/","alt":"","author":"2","description":"","caption":"","name":"bg-2","status":"inherit","uploaded_to":13762,"date":"2020-09-10 22:23:29","modified":"2020-09-10 22:23:29","menu_order":0,"mime_type":"image\/jpeg","type":"image","subtype":"jpeg","icon":"https:\/\/slovakiaauto.sk\/wp-includes\/images\/media\/default.png","width":1920,"height":640,"sizes":{"thumbnail":"https:\/\/slovakiaauto.sk\/wp-content\/uploads\/2020\/09\/bg-1-150x150.jpg","thumbnail-width":150,"thumbnail-height":150,"medium":"https:\/\/slovakiaauto.sk\/wp-content\/uploads\/2020\/09\/bg-1-300x100.jpg","medium-width":300,"medium-height":100,"medium_large":"https:\/\/slovakiaauto.sk\/wp-content\/uploads\/2020\/09\/bg-1-768x256.jpg","medium_large-width":600,"medium_large-height":200,"large":"https:\/\/slovakiaauto.sk\/wp-content\/uploads\/2020\/09\/bg-1-1024x341.jpg","large-width":600,"large-height":200,"1536x1536":"https:\/\/slovakiaauto.sk\/wp-content\/uploads\/2020\/09\/bg-1-1536x512.jpg","1536x1536-width":1536,"1536x1536-height":512,"2048x2048":"https:\/\/slovakiaauto.sk\/wp-content\/uploads\/2020\/09\/bg-1.jpg","2048x2048-width":1920,"2048x2048-height":640}},"tagy":false,"nadpis":"<span class=\"f300\">Sk\u00fa\u0161obn\u00e1 jazda<\/span><br \/>\r\nvozidla","text":""},"f_nadpis":"Sk\u00fa\u0161obn\u00e1 jazda vozidla","f_text":""},"yoast_head":"<!-- This site is optimized with the Yoast SEO plugin v18.4.1 - https:\/\/yoast.com\/wordpress\/plugins\/seo\/ -->\n<title>Sk\u00fa\u0161obn\u00e1 jazda nov\u00e9ho vozidla - SlovaKIAauto<\/title>\n<meta name=\"robots\" content=\"index, follow, max-snippet:-1, max-image-preview:large, max-video-preview:-1\" \/>\n<link rel=\"canonical\" href=\"https:\/\/slovakiaauto.sk\/en\/skusobna-jazda-noveho-vozidla\/\" \/>\n<meta property=\"og:locale\" content=\"en_US\" \/>\n<meta property=\"og:type\" content=\"article\" \/>\n<meta property=\"og:title\" content=\"Sk\u00fa\u0161obn\u00e1 jazda nov\u00e9ho vozidla - SlovaKIAauto\" \/>\n<meta property=\"og:url\" content=\"https:\/\/slovakiaauto.sk\/en\/skusobna-jazda-noveho-vozidla\/\" \/>\n<meta property=\"og:site_name\" content=\"SlovaKIAauto\" \/>\n<meta property=\"article:publisher\" content=\"https:\/\/www.facebook.com\/slovakiaauto\/\" \/>\n<meta property=\"article:modified_time\" content=\"2020-12-15T23:28:08+00:00\" \/>\n<meta name=\"twitter:card\" content=\"summary_large_image\" \/>\n<script type=\"application\/ld+json\" class=\"yoast-schema-graph\">{\"@context\":\"https:\/\/schema.org\",\"@graph\":[{\"@type\":\"WebSite\",\"@id\":\"https:\/\/slovakiaauto.sk\/#website\",\"url\":\"https:\/\/slovakiaauto.sk\/\",\"name\":\"SlovaKIAauto\",\"description\":\"Autorizovan\u00fd predaj a servis KIA\",\"potentialAction\":[{\"@type\":\"SearchAction\",\"target\":{\"@type\":\"EntryPoint\",\"urlTemplate\":\"https:\/\/slovakiaauto.sk\/?s={search_term_string}\"},\"query-input\":\"required name=search_term_string\"}],\"inLanguage\":\"en-US\"},{\"@type\":\"WebPage\",\"@id\":\"https:\/\/slovakiaauto.sk\/en\/skusobna-jazda-noveho-vozidla\/#webpage\",\"url\":\"https:\/\/slovakiaauto.sk\/en\/skusobna-jazda-noveho-vozidla\/\",\"name\":\"Sk\u00fa\u0161obn\u00e1 jazda nov\u00e9ho vozidla - SlovaKIAauto\",\"isPartOf\":{\"@id\":\"https:\/\/slovakiaauto.sk\/#website\"},\"datePublished\":\"2020-09-29T19:44:00+00:00\",\"dateModified\":\"2020-12-15T23:28:08+00:00\",\"breadcrumb\":{\"@id\":\"https:\/\/slovakiaauto.sk\/en\/skusobna-jazda-noveho-vozidla\/#breadcrumb\"},\"inLanguage\":\"en-US\",\"potentialAction\":[{\"@type\":\"ReadAction\",\"target\":[\"https:\/\/slovakiaauto.sk\/en\/skusobna-jazda-noveho-vozidla\/\"]}]},{\"@type\":\"BreadcrumbList\",\"@id\":\"https:\/\/slovakiaauto.sk\/en\/skusobna-jazda-noveho-vozidla\/#breadcrumb\",\"itemListElement\":[{\"@type\":\"ListItem\",\"position\":1,\"name\":\"Domovsk\u00e1 str\u00e1nka\",\"item\":\"https:\/\/slovakiaauto.sk\/en\/\"},{\"@type\":\"ListItem\",\"position\":2,\"name\":\"Sk\u00fa\u0161obn\u00e1 jazda nov\u00e9ho vozidla\"}]}]}<\/script>\n<!-- \/ Yoast SEO plugin. -->","yoast_head_json":{"title":"Sk\u00fa\u0161obn\u00e1 jazda nov\u00e9ho vozidla - SlovaKIAauto","robots":{"index":"index","follow":"follow","max-snippet":"max-snippet:-1","max-image-preview":"max-image-preview:large","max-video-preview":"max-video-preview:-1"},"canonical":"https:\/\/slovakiaauto.sk\/en\/skusobna-jazda-noveho-vozidla\/","og_locale":"en_US","og_type":"article","og_title":"Sk\u00fa\u0161obn\u00e1 jazda nov\u00e9ho vozidla - SlovaKIAauto","og_url":"https:\/\/slovakiaauto.sk\/en\/skusobna-jazda-noveho-vozidla\/","og_site_name":"SlovaKIAauto","article_publisher":"https:\/\/www.facebook.com\/slovakiaauto\/","article_modified_time":"2020-12-15T23:28:08+00:00","twitter_card":"summary_large_image","schema":{"@context":"https:\/\/schema.org","@graph":[{"@type":"WebSite","@id":"https:\/\/slovakiaauto.sk\/#website","url":"https:\/\/slovakiaauto.sk\/","name":"SlovaKIAauto","description":"Autorizovan\u00fd predaj a servis KIA","potentialAction":[{"@type":"SearchAction","target":{"@type":"EntryPoint","urlTemplate":"https:\/\/slovakiaauto.sk\/?s={search_term_string}"},"query-input":"required name=search_term_string"}],"inLanguage":"en-US"},{"@type":"WebPage","@id":"https:\/\/slovakiaauto.sk\/en\/skusobna-jazda-noveho-vozidla\/#webpage","url":"https:\/\/slovakiaauto.sk\/en\/skusobna-jazda-noveho-vozidla\/","name":"Sk\u00fa\u0161obn\u00e1 jazda nov\u00e9ho vozidla - SlovaKIAauto","isPartOf":{"@id":"https:\/\/slovakiaauto.sk\/#website"},"datePublished":"2020-09-29T19:44:00+00:00","dateModified":"2020-12-15T23:28:08+00:00","breadcrumb":{"@id":"https:\/\/slovakiaauto.sk\/en\/skusobna-jazda-noveho-vozidla\/#breadcrumb"},"inLanguage":"en-US","potentialAction":[{"@type":"ReadAction","target":["https:\/\/slovakiaauto.sk\/en\/skusobna-jazda-noveho-vozidla\/"]}]},{"@type":"BreadcrumbList","@id":"https:\/\/slovakiaauto.sk\/en\/skusobna-jazda-noveho-vozidla\/#breadcrumb","itemListElement":[{"@type":"ListItem","position":1,"name":"Domovsk\u00e1 str\u00e1nka","item":"https:\/\/slovakiaauto.sk\/en\/"},{"@type":"ListItem","position":2,"name":"Sk\u00fa\u0161obn\u00e1 jazda nov\u00e9ho vozidla"}]}]}}}