{"id":13753,"date":"2020-09-03T22:06:53","date_gmt":"2020-09-03T20:06:53","guid":{"rendered":"https:\/\/slovakiaauto.sk\/obchodne-podmienky\/"},"modified":"2025-01-17T11:26:14","modified_gmt":"2025-01-17T10:26:14","slug":"obchodne-podmienky","status":"publish","type":"page","link":"https:\/\/slovakiaauto.sk\/en\/obchodne-podmienky\/","title":{"rendered":"V\u0161eobecn\u00e9 obchodn\u00e9 podmienky"},"content":{"rendered":"\n<p>Dokument&nbsp;<strong>V\u0161eobecn\u00e9 obchodn\u00e9 podmienky spolo\u010dnosti Slovakia Auto,<\/strong>&nbsp;s.r.o. pre:<\/p>\n\n\n\n<ul><li><a href=\"https:\/\/slovakiaauto.sk\/wp-content\/uploads\/2023\/10\/VOP-nMV-2022-clean.121978.doc\" target=\"_blank\" rel=\"noreferrer noopener\">Predaj nov\u00fdch motorov\u00fdch vozidiel zna\u010dky KIA (PDF)<\/a><\/li><li><a rel=\"noreferrer noopener\" href=\"https:\/\/slovakiaauto.sk\/wp-content\/uploads\/2020\/09\/VOP-predaj-jazdenych-vozidiel.72854-sa.pdf\" target=\"_blank\">Predaj ojazden\u00fdch motorov\u00fdch vozidiel (PDF)<\/a><\/li><li><a href=\"https:\/\/slovakiaauto.sk\/wp-content\/uploads\/2023\/10\/aktualizovane-dokumenty-SERVIS.doc\" target=\"_blank\" rel=\"noreferrer noopener\">Vykon\u00e1vanie \u010dinnosti servisu motorov\u00fdch vozidiel (PDF)<\/a><\/li><li><a rel=\"noreferrer noopener\" href=\"https:\/\/slovakiaauto.sk\/wp-content\/uploads\/2020\/09\/VOP-vykup-jazdenych-vozidiel.72857-sa.pdf\" target=\"_blank\">V\u00fdkup ojazden\u00fdch motorov\u00fdch vozidiel (PDF)<\/a><\/li><li><a href=\"https:\/\/slovakiaauto.sk\/wp-content\/uploads\/2023\/10\/VOP-najom-vozidla.72856.doc\" target=\"_blank\" rel=\"noreferrer noopener\">N\u00e1jom motorov\u00fdch vozidiel (PDF)<\/a><\/li><\/ul>\n\n\n\n<p><\/p>\n","protected":false},"excerpt":{"rendered":"<p>Dokument&nbsp;V\u0161eobecn\u00e9 obchodn\u00e9 podmienky spolo\u010dnosti Slovakia Auto,&nbsp;s.r.o. pre: Predaj nov\u00fdch motorov\u00fdch vozidiel zna\u010dky KIA (PDF) Predaj ojazden\u00fdch motorov\u00fdch vozidiel (PDF) Vykon\u00e1vanie \u010dinnosti servisu motorov\u00fdch vozidiel (PDF) V\u00fdkup ojazden\u00fdch motorov\u00fdch vozidiel (PDF) N\u00e1jom motorov\u00fdch vozidiel (PDF)<\/p>\n","protected":false},"author":2,"featured_media":0,"parent":0,"menu_order":0,"comment_status":"closed","ping_status":"closed","template":"templates\/vyskladany-obsah.php","meta":{"inline_featured_image":false},"acf":{"obsah":[{"acf_fc_layout":"hlavicka_blok","blok_obrazok":{"ID":81096,"id":81096,"title":"kia-sportage-my22-discover-keyvisual-w-range","filename":"kia-sportage-my22-discover-keyvisual-w-range.jpg","filesize":255442,"url":"https:\/\/slovakiaauto.sk\/wp-content\/uploads\/2025\/01\/kia-sportage-my22-discover-keyvisual-w-range.jpg","link":"https:\/\/slovakiaauto.sk\/en\/obchodne-podmienky\/kia-sportage-my22-discover-keyvisual-w-range-2\/","alt":"","author":"13","description":"","caption":"","name":"kia-sportage-my22-discover-keyvisual-w-range-2","status":"inherit","uploaded_to":13753,"date":"2025-01-17 10:17:30","modified":"2025-01-17 10:17:30","menu_order":0,"mime_type":"image\/jpeg","type":"image","subtype":"jpeg","icon":"https:\/\/slovakiaauto.sk\/wp-includes\/images\/media\/default.png","width":1920,"height":1080,"sizes":{"thumbnail":"https:\/\/slovakiaauto.sk\/wp-content\/uploads\/2025\/01\/kia-sportage-my22-discover-keyvisual-w-range-150x150.jpg","thumbnail-width":150,"thumbnail-height":150,"medium":"https:\/\/slovakiaauto.sk\/wp-content\/uploads\/2025\/01\/kia-sportage-my22-discover-keyvisual-w-range-300x169.jpg","medium-width":300,"medium-height":169,"medium_large":"https:\/\/slovakiaauto.sk\/wp-content\/uploads\/2025\/01\/kia-sportage-my22-discover-keyvisual-w-range-768x432.jpg","medium_large-width":600,"medium_large-height":338,"large":"https:\/\/slovakiaauto.sk\/wp-content\/uploads\/2025\/01\/kia-sportage-my22-discover-keyvisual-w-range-1024x576.jpg","large-width":600,"large-height":338,"1536x1536":"https:\/\/slovakiaauto.sk\/wp-content\/uploads\/2025\/01\/kia-sportage-my22-discover-keyvisual-w-range-1536x864.jpg","1536x1536-width":1536,"1536x1536-height":864,"2048x2048":"https:\/\/slovakiaauto.sk\/wp-content\/uploads\/2025\/01\/kia-sportage-my22-discover-keyvisual-w-range.jpg","2048x2048-width":1920,"2048x2048-height":1080}},"blok_tagy":false,"blok_nadpis":"V\u0161eobecn\u00e9 obchodn\u00e9 podmienky","blok_text":""},{"acf_fc_layout":"hlavny_text","zobrazit_hlavny_text":true}]},"yoast_head":"<!-- This site is optimized with the Yoast SEO plugin v18.4.1 - https:\/\/yoast.com\/wordpress\/plugins\/seo\/ -->\n<title>V\u0161eobecn\u00e9 obchodn\u00e9 podmienky - SlovaKIAauto<\/title>\n<meta name=\"robots\" content=\"index, follow, max-snippet:-1, max-image-preview:large, max-video-preview:-1\" \/>\n<link rel=\"canonical\" href=\"https:\/\/slovakiaauto.sk\/en\/obchodne-podmienky\/\" \/>\n<meta property=\"og:locale\" content=\"en_US\" \/>\n<meta property=\"og:type\" content=\"article\" \/>\n<meta property=\"og:title\" content=\"V\u0161eobecn\u00e9 obchodn\u00e9 podmienky - SlovaKIAauto\" \/>\n<meta property=\"og:description\" content=\"Dokument&nbsp;V\u0161eobecn\u00e9 obchodn\u00e9 podmienky spolo\u010dnosti Slovakia Auto,&nbsp;s.r.o. pre: Predaj nov\u00fdch motorov\u00fdch vozidiel zna\u010dky KIA (PDF) Predaj ojazden\u00fdch motorov\u00fdch vozidiel (PDF) Vykon\u00e1vanie \u010dinnosti servisu motorov\u00fdch vozidiel (PDF) V\u00fdkup ojazden\u00fdch motorov\u00fdch vozidiel (PDF) N\u00e1jom motorov\u00fdch vozidiel (PDF)\" \/>\n<meta property=\"og:url\" content=\"https:\/\/slovakiaauto.sk\/en\/obchodne-podmienky\/\" \/>\n<meta property=\"og:site_name\" content=\"SlovaKIAauto\" \/>\n<meta property=\"article:publisher\" content=\"https:\/\/www.facebook.com\/slovakiaauto\/\" \/>\n<meta property=\"article:modified_time\" content=\"2025-01-17T10:26:14+00:00\" \/>\n<meta name=\"twitter:card\" content=\"summary_large_image\" \/>\n<script type=\"application\/ld+json\" class=\"yoast-schema-graph\">{\"@context\":\"https:\/\/schema.org\",\"@graph\":[{\"@type\":\"WebSite\",\"@id\":\"https:\/\/slovakiaauto.sk\/#website\",\"url\":\"https:\/\/slovakiaauto.sk\/\",\"name\":\"SlovaKIAauto\",\"description\":\"Autorizovan\u00fd predaj a servis KIA\",\"potentialAction\":[{\"@type\":\"SearchAction\",\"target\":{\"@type\":\"EntryPoint\",\"urlTemplate\":\"https:\/\/slovakiaauto.sk\/?s={search_term_string}\"},\"query-input\":\"required name=search_term_string\"}],\"inLanguage\":\"en-US\"},{\"@type\":\"WebPage\",\"@id\":\"https:\/\/slovakiaauto.sk\/en\/obchodne-podmienky\/#webpage\",\"url\":\"https:\/\/slovakiaauto.sk\/en\/obchodne-podmienky\/\",\"name\":\"V\u0161eobecn\u00e9 obchodn\u00e9 podmienky - SlovaKIAauto\",\"isPartOf\":{\"@id\":\"https:\/\/slovakiaauto.sk\/#website\"},\"datePublished\":\"2020-09-03T20:06:53+00:00\",\"dateModified\":\"2025-01-17T10:26:14+00:00\",\"breadcrumb\":{\"@id\":\"https:\/\/slovakiaauto.sk\/en\/obchodne-podmienky\/#breadcrumb\"},\"inLanguage\":\"en-US\",\"potentialAction\":[{\"@type\":\"ReadAction\",\"target\":[\"https:\/\/slovakiaauto.sk\/en\/obchodne-podmienky\/\"]}]},{\"@type\":\"BreadcrumbList\",\"@id\":\"https:\/\/slovakiaauto.sk\/en\/obchodne-podmienky\/#breadcrumb\",\"itemListElement\":[{\"@type\":\"ListItem\",\"position\":1,\"name\":\"Domovsk\u00e1 str\u00e1nka\",\"item\":\"https:\/\/slovakiaauto.sk\/en\/\"},{\"@type\":\"ListItem\",\"position\":2,\"name\":\"V\u0161eobecn\u00e9 obchodn\u00e9 podmienky\"}]}]}<\/script>\n<!-- \/ Yoast SEO plugin. -->","yoast_head_json":{"title":"V\u0161eobecn\u00e9 obchodn\u00e9 podmienky - SlovaKIAauto","robots":{"index":"index","follow":"follow","max-snippet":"max-snippet:-1","max-image-preview":"max-image-preview:large","max-video-preview":"max-video-preview:-1"},"canonical":"https:\/\/slovakiaauto.sk\/en\/obchodne-podmienky\/","og_locale":"en_US","og_type":"article","og_title":"V\u0161eobecn\u00e9 obchodn\u00e9 podmienky - SlovaKIAauto","og_description":"Dokument&nbsp;V\u0161eobecn\u00e9 obchodn\u00e9 podmienky spolo\u010dnosti Slovakia Auto,&nbsp;s.r.o. pre: Predaj nov\u00fdch motorov\u00fdch vozidiel zna\u010dky KIA (PDF) Predaj ojazden\u00fdch motorov\u00fdch vozidiel (PDF) Vykon\u00e1vanie \u010dinnosti servisu motorov\u00fdch vozidiel (PDF) V\u00fdkup ojazden\u00fdch motorov\u00fdch vozidiel (PDF) N\u00e1jom motorov\u00fdch vozidiel (PDF)","og_url":"https:\/\/slovakiaauto.sk\/en\/obchodne-podmienky\/","og_site_name":"SlovaKIAauto","article_publisher":"https:\/\/www.facebook.com\/slovakiaauto\/","article_modified_time":"2025-01-17T10:26:14+00:00","twitter_card":"summary_large_image","schema":{"@context":"https:\/\/schema.org","@graph":[{"@type":"WebSite","@id":"https:\/\/slovakiaauto.sk\/#website","url":"https:\/\/slovakiaauto.sk\/","name":"SlovaKIAauto","description":"Autorizovan\u00fd predaj a servis KIA","potentialAction":[{"@type":"SearchAction","target":{"@type":"EntryPoint","urlTemplate":"https:\/\/slovakiaauto.sk\/?s={search_term_string}"},"query-input":"required name=search_term_string"}],"inLanguage":"en-US"},{"@type":"WebPage","@id":"https:\/\/slovakiaauto.sk\/en\/obchodne-podmienky\/#webpage","url":"https:\/\/slovakiaauto.sk\/en\/obchodne-podmienky\/","name":"V\u0161eobecn\u00e9 obchodn\u00e9 podmienky - SlovaKIAauto","isPartOf":{"@id":"https:\/\/slovakiaauto.sk\/#website"},"datePublished":"2020-09-03T20:06:53+00:00","dateModified":"2025-01-17T10:26:14+00:00","breadcrumb":{"@id":"https:\/\/slovakiaauto.sk\/en\/obchodne-podmienky\/#breadcrumb"},"inLanguage":"en-US","potentialAction":[{"@type":"ReadAction","target":["https:\/\/slovakiaauto.sk\/en\/obchodne-podmienky\/"]}]},{"@type":"BreadcrumbList","@id":"https:\/\/slovakiaauto.sk\/en\/obchodne-podmienky\/#breadcrumb","itemListElement":[{"@type":"ListItem","position":1,"name":"Domovsk\u00e1 str\u00e1nka","item":"https:\/\/slovakiaauto.sk\/en\/"},{"@type":"ListItem","position":2,"name":"V\u0161eobecn\u00e9 obchodn\u00e9 podmienky"}]}]}}}