{"id":13756,"date":"2020-09-03T20:40:43","date_gmt":"2020-09-03T18:40:43","guid":{"rendered":"https:\/\/slovakiaauto.sk\/prehlad-modelov\/"},"modified":"2025-10-23T09:38:32","modified_gmt":"2025-10-23T07:38:32","slug":"prehlad-modelov","status":"publish","type":"page","link":"https:\/\/slovakiaauto.sk\/en\/prehlad-modelov\/","title":{"rendered":"Preh\u013ead modelov"},"content":{"rendered":"","protected":false},"excerpt":{"rendered":"","protected":false},"author":2,"featured_media":0,"parent":0,"menu_order":2,"comment_status":"closed","ping_status":"closed","template":"templates\/prehlad-modelov.php","meta":{"inline_featured_image":false},"acf":{"hlavicka_blok":{"obrazok":{"ID":81110,"id":81110,"title":"Range Packshot Motif","filename":"Range-Packshot-Motif-scaled-e1761203252923.jpeg","filesize":229531,"url":"https:\/\/slovakiaauto.sk\/wp-content\/uploads\/2025\/01\/Range-Packshot-Motif-scaled-e1761203252923.jpeg","link":"https:\/\/slovakiaauto.sk\/en\/ponuka-financovania\/range-packshot-motif-2\/","alt":"","author":"13","description":"","caption":"","name":"range-packshot-motif-2","status":"inherit","uploaded_to":13744,"date":"2025-01-17 12:20:27","modified":"2025-01-17 12:20:27","menu_order":0,"mime_type":"image\/jpeg","type":"image","subtype":"jpeg","icon":"https:\/\/slovakiaauto.sk\/wp-includes\/images\/media\/default.png","width":2560,"height":1280,"sizes":{"thumbnail":"https:\/\/slovakiaauto.sk\/wp-content\/uploads\/2025\/01\/Range-Packshot-Motif-150x150.jpeg","thumbnail-width":150,"thumbnail-height":150,"medium":"https:\/\/slovakiaauto.sk\/wp-content\/uploads\/2025\/01\/Range-Packshot-Motif-300x150.jpeg","medium-width":300,"medium-height":150,"medium_large":"https:\/\/slovakiaauto.sk\/wp-content\/uploads\/2025\/01\/Range-Packshot-Motif-768x384.jpeg","medium_large-width":600,"medium_large-height":300,"large":"https:\/\/slovakiaauto.sk\/wp-content\/uploads\/2025\/01\/Range-Packshot-Motif-1024x512.jpeg","large-width":600,"large-height":300,"1536x1536":"https:\/\/slovakiaauto.sk\/wp-content\/uploads\/2025\/01\/Range-Packshot-Motif-1536x768.jpeg","1536x1536-width":1536,"1536x1536-height":768,"2048x2048":"https:\/\/slovakiaauto.sk\/wp-content\/uploads\/2025\/01\/Range-Packshot-Motif-2048x1024.jpeg","2048x2048-width":2048,"2048x2048-height":1024}},"tagy":false,"nadpis":"Modely KIA<br \/>\r\n<\/span><br \/>\r\n<\/span><br \/>\r\n<\/span><br \/>\r\n<\/span><br \/>\r\n<\/span>","text":"Objavte v\u0161etky"},"text_a_obrazok":{"text":"Kia ProCeed<br \/>\r\nUnik\u00e1tne \u0161portov\u00e9<br \/>\r\nkombi <br \/>\r\n<span class=\"text_red nowrap\">         <\/span>","obrazok":{"ID":32076,"id":32076,"title":"IMG_4228","filename":"IMG_4228-scaled-e1637404789372.jpg","filesize":542537,"url":"https:\/\/slovakiaauto.sk\/wp-content\/uploads\/2021\/10\/IMG_4228-scaled-e1637404789372.jpg","link":"https:\/\/slovakiaauto.sk\/en\/img_4228-2-2\/","alt":"","author":"7","description":"","caption":"","name":"img_4228-2-2","status":"inherit","uploaded_to":0,"date":"2021-10-24 14:07:16","modified":"2021-10-24 14:08:10","menu_order":0,"mime_type":"image\/jpeg","type":"image","subtype":"jpeg","icon":"https:\/\/slovakiaauto.sk\/wp-includes\/images\/media\/default.png","width":2560,"height":1920,"sizes":{"thumbnail":"https:\/\/slovakiaauto.sk\/wp-content\/uploads\/2021\/10\/IMG_4228-150x150.jpg","thumbnail-width":150,"thumbnail-height":150,"medium":"https:\/\/slovakiaauto.sk\/wp-content\/uploads\/2021\/10\/IMG_4228-300x225.jpg","medium-width":300,"medium-height":225,"medium_large":"https:\/\/slovakiaauto.sk\/wp-content\/uploads\/2021\/10\/IMG_4228-768x576.jpg","medium_large-width":600,"medium_large-height":450,"large":"https:\/\/slovakiaauto.sk\/wp-content\/uploads\/2021\/10\/IMG_4228-1024x768.jpg","large-width":600,"large-height":450,"1536x1536":"https:\/\/slovakiaauto.sk\/wp-content\/uploads\/2021\/10\/IMG_4228-1536x1152.jpg","1536x1536-width":1536,"1536x1536-height":1152,"2048x2048":"https:\/\/slovakiaauto.sk\/wp-content\/uploads\/2021\/10\/IMG_4228-2048x1536.jpg","2048x2048-width":2048,"2048x2048-height":1536}},"odkaz":{"title":"PROCEED","url":"https:\/\/slovakiaauto.sk\/en\/model\/proceed\/","target":""}},"slider_clankov":{"sc_nadpis":"","clanky":[{"obrazok":{"ID":28935,"id":28935,"title":"d-kia-start-hero-ceed-family-1920x1080","filename":"d-kia-start-hero-ceed-family-1920x1080-1.jpg","filesize":473348,"url":"https:\/\/slovakiaauto.sk\/wp-content\/uploads\/2021\/09\/d-kia-start-hero-ceed-family-1920x1080-1.jpg","link":"https:\/\/slovakiaauto.sk\/en\/ukazka-strany\/d-kia-start-hero-ceed-family-1920x1080-2\/","alt":"","author":"3","description":"","caption":"","name":"d-kia-start-hero-ceed-family-1920x1080-2","status":"inherit","uploaded_to":13755,"date":"2021-09-08 13:28:46","modified":"2021-09-08 13:28:46","menu_order":0,"mime_type":"image\/jpeg","type":"image","subtype":"jpeg","icon":"https:\/\/slovakiaauto.sk\/wp-includes\/images\/media\/default.png","width":1920,"height":1080,"sizes":{"thumbnail":"https:\/\/slovakiaauto.sk\/wp-content\/uploads\/2021\/09\/d-kia-start-hero-ceed-family-1920x1080-1-150x150.jpg","thumbnail-width":150,"thumbnail-height":150,"medium":"https:\/\/slovakiaauto.sk\/wp-content\/uploads\/2021\/09\/d-kia-start-hero-ceed-family-1920x1080-1-300x169.jpg","medium-width":300,"medium-height":169,"medium_large":"https:\/\/slovakiaauto.sk\/wp-content\/uploads\/2021\/09\/d-kia-start-hero-ceed-family-1920x1080-1-768x432.jpg","medium_large-width":600,"medium_large-height":338,"large":"https:\/\/slovakiaauto.sk\/wp-content\/uploads\/2021\/09\/d-kia-start-hero-ceed-family-1920x1080-1-1024x576.jpg","large-width":600,"large-height":338,"1536x1536":"https:\/\/slovakiaauto.sk\/wp-content\/uploads\/2021\/09\/d-kia-start-hero-ceed-family-1920x1080-1-1536x864.jpg","1536x1536-width":1536,"1536x1536-height":864,"2048x2048":"https:\/\/slovakiaauto.sk\/wp-content\/uploads\/2021\/09\/d-kia-start-hero-ceed-family-1920x1080-1.jpg","2048x2048-width":1920,"2048x2048-height":1080}},"tagy":false,"nadpis":"Jazden\u00e9 vozidl\u00e1","odkaz_cierny":{"title":"Jazden\u00e9 vozidl\u00e1","url":"https:\/\/slovakiaauto.sk\/en\/ponuka-vozidiel\/jazdene-vozidla\/","target":""},"odkaz_biely":{"title":"","url":"","target":"","0":""},"text":"Vyberte si zo \u0161irokej \u0161k\u00e1ly predv\u00e1dzac\u00edch vozidiel za najv\u00fdhodnej\u0161ie ceny, pripraven\u00fdch ihne\u010f k odberu.","text_2":""},{"obrazok":{"ID":15388,"id":15388,"title":"kia-xceed-cdcuvmy20-allround-package_w","filename":"kia-xceed-cdcuvmy20-allround-package_w.jpg","filesize":433261,"url":"https:\/\/slovakiaauto.sk\/wp-content\/uploads\/2020\/09\/kia-xceed-cdcuvmy20-allround-package_w.jpg","link":"https:\/\/slovakiaauto.sk\/en\/model\/xceed\/kia-xceed-cdcuvmy20-allround-package_w-2\/","alt":"","author":"7","description":"","caption":"","name":"kia-xceed-cdcuvmy20-allround-package_w-2","status":"inherit","uploaded_to":13732,"date":"2021-01-14 09:02:54","modified":"2021-01-14 09:02:54","menu_order":0,"mime_type":"image\/jpeg","type":"image","subtype":"jpeg","icon":"https:\/\/slovakiaauto.sk\/wp-includes\/images\/media\/default.png","width":1920,"height":1200,"sizes":{"thumbnail":"https:\/\/slovakiaauto.sk\/wp-content\/uploads\/2020\/09\/kia-xceed-cdcuvmy20-allround-package_w-150x150.jpg","thumbnail-width":150,"thumbnail-height":150,"medium":"https:\/\/slovakiaauto.sk\/wp-content\/uploads\/2020\/09\/kia-xceed-cdcuvmy20-allround-package_w-300x188.jpg","medium-width":300,"medium-height":188,"medium_large":"https:\/\/slovakiaauto.sk\/wp-content\/uploads\/2020\/09\/kia-xceed-cdcuvmy20-allround-package_w-768x480.jpg","medium_large-width":600,"medium_large-height":375,"large":"https:\/\/slovakiaauto.sk\/wp-content\/uploads\/2020\/09\/kia-xceed-cdcuvmy20-allround-package_w-1024x640.jpg","large-width":600,"large-height":375,"1536x1536":"https:\/\/slovakiaauto.sk\/wp-content\/uploads\/2020\/09\/kia-xceed-cdcuvmy20-allround-package_w-1536x960.jpg","1536x1536-width":1536,"1536x1536-height":960,"2048x2048":"https:\/\/slovakiaauto.sk\/wp-content\/uploads\/2020\/09\/kia-xceed-cdcuvmy20-allround-package_w.jpg","2048x2048-width":1920,"2048x2048-height":1200}},"tagy":false,"nadpis":"Skladov\u00e9 vozidl\u00e1","odkaz_cierny":{"title":"Nov\u00e9 vozidl\u00e1","url":"https:\/\/slovakiaauto.sk\/en\/ponuka-vozidiel\/nove-vozidla\/","target":""},"odkaz_biely":{"title":"","url":"","target":"","0":""},"text":"Neprehliadnite ni\u010d z aktu\u00e1lnej ponuky.","text_2":""},{"obrazok":{"ID":27012,"id":27012,"title":"AZ3I1345_online","filename":"AZ3I1345_online-e1635163003477.jpg","filesize":74171,"url":"https:\/\/slovakiaauto.sk\/wp-content\/uploads\/2021\/07\/AZ3I1345_online-e1635163003477.jpg","link":"https:\/\/slovakiaauto.sk\/en\/az3i1345_online-2\/","alt":"","author":"7","description":"","caption":"","name":"az3i1345_online-2","status":"inherit","uploaded_to":0,"date":"2021-07-26 13:53:40","modified":"2021-07-26 13:53:56","menu_order":0,"mime_type":"image\/jpeg","type":"image","subtype":"jpeg","icon":"https:\/\/slovakiaauto.sk\/wp-includes\/images\/media\/default.png","width":1920,"height":1280,"sizes":{"thumbnail":"https:\/\/slovakiaauto.sk\/wp-content\/uploads\/2021\/07\/AZ3I1345_online-150x150.jpg","thumbnail-width":150,"thumbnail-height":150,"medium":"https:\/\/slovakiaauto.sk\/wp-content\/uploads\/2021\/07\/AZ3I1345_online-300x200.jpg","medium-width":300,"medium-height":200,"medium_large":"https:\/\/slovakiaauto.sk\/wp-content\/uploads\/2021\/07\/AZ3I1345_online-768x512.jpg","medium_large-width":600,"medium_large-height":400,"large":"https:\/\/slovakiaauto.sk\/wp-content\/uploads\/2021\/07\/AZ3I1345_online-1024x683.jpg","large-width":600,"large-height":400,"1536x1536":"https:\/\/slovakiaauto.sk\/wp-content\/uploads\/2021\/07\/AZ3I1345_online-1536x1024.jpg","1536x1536-width":1536,"1536x1536-height":1024,"2048x2048":"https:\/\/slovakiaauto.sk\/wp-content\/uploads\/2021\/07\/AZ3I1345_online-e1635163003477.jpg","2048x2048-width":1920,"2048x2048-height":1280}},"tagy":false,"nadpis":"Akciov\u00e1 ponuka","odkaz_cierny":{"title":"Akcie a novinky","url":"https:\/\/slovakiaauto.sk\/en\/akcie-a-novinky\/","target":""},"odkaz_biely":{"title":"","url":"","target":"","0":""},"text":"Nepreme\u0161kajte z\u013eavy, cenov\u00e9 zv\u00fdhodnenia a \u0161peci\u00e1lne bonusov\u00e9 bal\u00ed\u010dky na ob\u013e\u00faben\u00e9 i nov\u00e9 modely KIA.","text_2":""}]}},"yoast_head":"<!-- This site is optimized with the Yoast SEO plugin v18.4.1 - https:\/\/yoast.com\/wordpress\/plugins\/seo\/ -->\n<title>Preh\u013ead modelov - SlovaKIAauto<\/title>\n<meta name=\"robots\" content=\"index, follow, max-snippet:-1, max-image-preview:large, max-video-preview:-1\" \/>\n<link rel=\"canonical\" href=\"https:\/\/slovakiaauto.sk\/en\/prehlad-modelov\/\" \/>\n<meta property=\"og:locale\" content=\"en_US\" \/>\n<meta property=\"og:type\" content=\"article\" \/>\n<meta property=\"og:title\" content=\"Preh\u013ead modelov - SlovaKIAauto\" \/>\n<meta property=\"og:url\" content=\"https:\/\/slovakiaauto.sk\/en\/prehlad-modelov\/\" \/>\n<meta property=\"og:site_name\" content=\"SlovaKIAauto\" \/>\n<meta property=\"article:publisher\" content=\"https:\/\/www.facebook.com\/slovakiaauto\/\" \/>\n<meta property=\"article:modified_time\" content=\"2025-10-23T07:38:32+00:00\" \/>\n<meta name=\"twitter:card\" content=\"summary_large_image\" \/>\n<script type=\"application\/ld+json\" class=\"yoast-schema-graph\">{\"@context\":\"https:\/\/schema.org\",\"@graph\":[{\"@type\":\"WebSite\",\"@id\":\"https:\/\/slovakiaauto.sk\/#website\",\"url\":\"https:\/\/slovakiaauto.sk\/\",\"name\":\"SlovaKIAauto\",\"description\":\"Autorizovan\u00fd predaj a servis KIA\",\"potentialAction\":[{\"@type\":\"SearchAction\",\"target\":{\"@type\":\"EntryPoint\",\"urlTemplate\":\"https:\/\/slovakiaauto.sk\/?s={search_term_string}\"},\"query-input\":\"required name=search_term_string\"}],\"inLanguage\":\"en-US\"},{\"@type\":\"WebPage\",\"@id\":\"https:\/\/slovakiaauto.sk\/en\/prehlad-modelov\/#webpage\",\"url\":\"https:\/\/slovakiaauto.sk\/en\/prehlad-modelov\/\",\"name\":\"Preh\u013ead modelov - SlovaKIAauto\",\"isPartOf\":{\"@id\":\"https:\/\/slovakiaauto.sk\/#website\"},\"datePublished\":\"2020-09-03T18:40:43+00:00\",\"dateModified\":\"2025-10-23T07:38:32+00:00\",\"breadcrumb\":{\"@id\":\"https:\/\/slovakiaauto.sk\/en\/prehlad-modelov\/#breadcrumb\"},\"inLanguage\":\"en-US\",\"potentialAction\":[{\"@type\":\"ReadAction\",\"target\":[\"https:\/\/slovakiaauto.sk\/en\/prehlad-modelov\/\"]}]},{\"@type\":\"BreadcrumbList\",\"@id\":\"https:\/\/slovakiaauto.sk\/en\/prehlad-modelov\/#breadcrumb\",\"itemListElement\":[{\"@type\":\"ListItem\",\"position\":1,\"name\":\"Domovsk\u00e1 str\u00e1nka\",\"item\":\"https:\/\/slovakiaauto.sk\/en\/\"},{\"@type\":\"ListItem\",\"position\":2,\"name\":\"Preh\u013ead modelov\"}]}]}<\/script>\n<!-- \/ Yoast SEO plugin. -->","yoast_head_json":{"title":"Preh\u013ead modelov - SlovaKIAauto","robots":{"index":"index","follow":"follow","max-snippet":"max-snippet:-1","max-image-preview":"max-image-preview:large","max-video-preview":"max-video-preview:-1"},"canonical":"https:\/\/slovakiaauto.sk\/en\/prehlad-modelov\/","og_locale":"en_US","og_type":"article","og_title":"Preh\u013ead modelov - SlovaKIAauto","og_url":"https:\/\/slovakiaauto.sk\/en\/prehlad-modelov\/","og_site_name":"SlovaKIAauto","article_publisher":"https:\/\/www.facebook.com\/slovakiaauto\/","article_modified_time":"2025-10-23T07:38:32+00:00","twitter_card":"summary_large_image","schema":{"@context":"https:\/\/schema.org","@graph":[{"@type":"WebSite","@id":"https:\/\/slovakiaauto.sk\/#website","url":"https:\/\/slovakiaauto.sk\/","name":"SlovaKIAauto","description":"Autorizovan\u00fd predaj a servis KIA","potentialAction":[{"@type":"SearchAction","target":{"@type":"EntryPoint","urlTemplate":"https:\/\/slovakiaauto.sk\/?s={search_term_string}"},"query-input":"required name=search_term_string"}],"inLanguage":"en-US"},{"@type":"WebPage","@id":"https:\/\/slovakiaauto.sk\/en\/prehlad-modelov\/#webpage","url":"https:\/\/slovakiaauto.sk\/en\/prehlad-modelov\/","name":"Preh\u013ead modelov - SlovaKIAauto","isPartOf":{"@id":"https:\/\/slovakiaauto.sk\/#website"},"datePublished":"2020-09-03T18:40:43+00:00","dateModified":"2025-10-23T07:38:32+00:00","breadcrumb":{"@id":"https:\/\/slovakiaauto.sk\/en\/prehlad-modelov\/#breadcrumb"},"inLanguage":"en-US","potentialAction":[{"@type":"ReadAction","target":["https:\/\/slovakiaauto.sk\/en\/prehlad-modelov\/"]}]},{"@type":"BreadcrumbList","@id":"https:\/\/slovakiaauto.sk\/en\/prehlad-modelov\/#breadcrumb","itemListElement":[{"@type":"ListItem","position":1,"name":"Domovsk\u00e1 str\u00e1nka","item":"https:\/\/slovakiaauto.sk\/en\/"},{"@type":"ListItem","position":2,"name":"Preh\u013ead modelov"}]}]}}}