{"id":13757,"date":"2020-09-03T20:41:38","date_gmt":"2020-09-03T18:41:38","guid":{"rendered":"https:\/\/slovakiaauto.sk\/ponuka-vozidiel\/"},"modified":"2024-07-31T13:54:23","modified_gmt":"2024-07-31T11:54:23","slug":"ponuka-vozidiel","status":"publish","type":"page","link":"https:\/\/slovakiaauto.sk\/en\/ponuka-vozidiel\/","title":{"rendered":"Ponuka vozidiel"},"content":{"rendered":"","protected":false},"excerpt":{"rendered":"","protected":false},"author":2,"featured_media":0,"parent":0,"menu_order":3,"comment_status":"closed","ping_status":"closed","template":"templates\/ponuka-vozidiel.php","meta":{"inline_featured_image":false},"acf":{"hlavicka_blok":{"obrazok":{"ID":73704,"id":73704,"title":"Range Packshot jpggggg","filename":"Range-Packshot-jpggggg.jpg","filesize":732169,"url":"https:\/\/slovakiaauto.sk\/wp-content\/uploads\/2024\/07\/Range-Packshot-jpggggg.jpg","link":"https:\/\/slovakiaauto.sk\/en\/ponuka-vozidiel\/nove-vozidla\/range-packshot-jpggggg-2\/","alt":"","author":"13","description":"","caption":"","name":"range-packshot-jpggggg-2","status":"inherit","uploaded_to":13759,"date":"2024-07-30 14:00:06","modified":"2024-07-30 14:00:06","menu_order":0,"mime_type":"image\/jpeg","type":"image","subtype":"jpeg","icon":"https:\/\/slovakiaauto.sk\/wp-includes\/images\/media\/default.png","width":2177,"height":1224,"sizes":{"thumbnail":"https:\/\/slovakiaauto.sk\/wp-content\/uploads\/2024\/07\/Range-Packshot-jpggggg-150x150.jpg","thumbnail-width":150,"thumbnail-height":150,"medium":"https:\/\/slovakiaauto.sk\/wp-content\/uploads\/2024\/07\/Range-Packshot-jpggggg-300x169.jpg","medium-width":300,"medium-height":169,"medium_large":"https:\/\/slovakiaauto.sk\/wp-content\/uploads\/2024\/07\/Range-Packshot-jpggggg-768x432.jpg","medium_large-width":600,"medium_large-height":338,"large":"https:\/\/slovakiaauto.sk\/wp-content\/uploads\/2024\/07\/Range-Packshot-jpggggg-1024x576.jpg","large-width":600,"large-height":338,"1536x1536":"https:\/\/slovakiaauto.sk\/wp-content\/uploads\/2024\/07\/Range-Packshot-jpggggg-1536x864.jpg","1536x1536-width":1536,"1536x1536-height":864,"2048x2048":"https:\/\/slovakiaauto.sk\/wp-content\/uploads\/2024\/07\/Range-Packshot-jpggggg-2048x1151.jpg","2048x2048-width":2048,"2048x2048-height":1151}},"tagy":false,"nadpis":"Ponuka vozidiel","text":""},"zobrazit_ponuky_typu":{"typ_ponuky":""},"pv_nadpis":"Preh\u013ead v\u0161etk\u00fdch dostupn\u00fdch vozidiel","pv_text":"Vyberte si zo \u0161irokej \u0161k\u00e1ly vozidiel za najv\u00fdhodnej\u0161ie ceny,<br \/>\r\npripraven\u00fdch ihne\u010f k odberu.","nadpis_nad_zoznamom":"Objavte svet nov\u00fdch mo\u017enost\u00ed s vozidlami KIA"},"yoast_head":"<!-- This site is optimized with the Yoast SEO plugin v18.4.1 - https:\/\/yoast.com\/wordpress\/plugins\/seo\/ -->\n<title>Ponuka vozidiel - SlovaKIAauto<\/title>\n<meta name=\"robots\" content=\"index, follow, max-snippet:-1, max-image-preview:large, max-video-preview:-1\" \/>\n<link rel=\"canonical\" href=\"https:\/\/slovakiaauto.sk\/en\/ponuka-vozidiel\/\" \/>\n<meta property=\"og:locale\" content=\"en_US\" \/>\n<meta property=\"og:type\" content=\"article\" \/>\n<meta property=\"og:title\" content=\"Ponuka vozidiel - SlovaKIAauto\" \/>\n<meta property=\"og:url\" content=\"https:\/\/slovakiaauto.sk\/en\/ponuka-vozidiel\/\" \/>\n<meta property=\"og:site_name\" content=\"SlovaKIAauto\" \/>\n<meta property=\"article:publisher\" content=\"https:\/\/www.facebook.com\/slovakiaauto\/\" \/>\n<meta property=\"article:modified_time\" content=\"2024-07-31T11:54:23+00:00\" \/>\n<meta name=\"twitter:card\" content=\"summary_large_image\" \/>\n<script type=\"application\/ld+json\" class=\"yoast-schema-graph\">{\"@context\":\"https:\/\/schema.org\",\"@graph\":[{\"@type\":\"WebSite\",\"@id\":\"https:\/\/slovakiaauto.sk\/#website\",\"url\":\"https:\/\/slovakiaauto.sk\/\",\"name\":\"SlovaKIAauto\",\"description\":\"Autorizovan\u00fd predaj a servis KIA\",\"potentialAction\":[{\"@type\":\"SearchAction\",\"target\":{\"@type\":\"EntryPoint\",\"urlTemplate\":\"https:\/\/slovakiaauto.sk\/?s={search_term_string}\"},\"query-input\":\"required name=search_term_string\"}],\"inLanguage\":\"en-US\"},{\"@type\":\"WebPage\",\"@id\":\"https:\/\/slovakiaauto.sk\/en\/ponuka-vozidiel\/#webpage\",\"url\":\"https:\/\/slovakiaauto.sk\/en\/ponuka-vozidiel\/\",\"name\":\"Ponuka vozidiel - SlovaKIAauto\",\"isPartOf\":{\"@id\":\"https:\/\/slovakiaauto.sk\/#website\"},\"datePublished\":\"2020-09-03T18:41:38+00:00\",\"dateModified\":\"2024-07-31T11:54:23+00:00\",\"breadcrumb\":{\"@id\":\"https:\/\/slovakiaauto.sk\/en\/ponuka-vozidiel\/#breadcrumb\"},\"inLanguage\":\"en-US\",\"potentialAction\":[{\"@type\":\"ReadAction\",\"target\":[\"https:\/\/slovakiaauto.sk\/en\/ponuka-vozidiel\/\"]}]},{\"@type\":\"BreadcrumbList\",\"@id\":\"https:\/\/slovakiaauto.sk\/en\/ponuka-vozidiel\/#breadcrumb\",\"itemListElement\":[{\"@type\":\"ListItem\",\"position\":1,\"name\":\"Domovsk\u00e1 str\u00e1nka\",\"item\":\"https:\/\/slovakiaauto.sk\/en\/\"},{\"@type\":\"ListItem\",\"position\":2,\"name\":\"Ponuka vozidiel\"}]}]}<\/script>\n<!-- \/ Yoast SEO plugin. -->","yoast_head_json":{"title":"Ponuka vozidiel - SlovaKIAauto","robots":{"index":"index","follow":"follow","max-snippet":"max-snippet:-1","max-image-preview":"max-image-preview:large","max-video-preview":"max-video-preview:-1"},"canonical":"https:\/\/slovakiaauto.sk\/en\/ponuka-vozidiel\/","og_locale":"en_US","og_type":"article","og_title":"Ponuka vozidiel - SlovaKIAauto","og_url":"https:\/\/slovakiaauto.sk\/en\/ponuka-vozidiel\/","og_site_name":"SlovaKIAauto","article_publisher":"https:\/\/www.facebook.com\/slovakiaauto\/","article_modified_time":"2024-07-31T11:54:23+00:00","twitter_card":"summary_large_image","schema":{"@context":"https:\/\/schema.org","@graph":[{"@type":"WebSite","@id":"https:\/\/slovakiaauto.sk\/#website","url":"https:\/\/slovakiaauto.sk\/","name":"SlovaKIAauto","description":"Autorizovan\u00fd predaj a servis KIA","potentialAction":[{"@type":"SearchAction","target":{"@type":"EntryPoint","urlTemplate":"https:\/\/slovakiaauto.sk\/?s={search_term_string}"},"query-input":"required name=search_term_string"}],"inLanguage":"en-US"},{"@type":"WebPage","@id":"https:\/\/slovakiaauto.sk\/en\/ponuka-vozidiel\/#webpage","url":"https:\/\/slovakiaauto.sk\/en\/ponuka-vozidiel\/","name":"Ponuka vozidiel - SlovaKIAauto","isPartOf":{"@id":"https:\/\/slovakiaauto.sk\/#website"},"datePublished":"2020-09-03T18:41:38+00:00","dateModified":"2024-07-31T11:54:23+00:00","breadcrumb":{"@id":"https:\/\/slovakiaauto.sk\/en\/ponuka-vozidiel\/#breadcrumb"},"inLanguage":"en-US","potentialAction":[{"@type":"ReadAction","target":["https:\/\/slovakiaauto.sk\/en\/ponuka-vozidiel\/"]}]},{"@type":"BreadcrumbList","@id":"https:\/\/slovakiaauto.sk\/en\/ponuka-vozidiel\/#breadcrumb","itemListElement":[{"@type":"ListItem","position":1,"name":"Domovsk\u00e1 str\u00e1nka","item":"https:\/\/slovakiaauto.sk\/en\/"},{"@type":"ListItem","position":2,"name":"Ponuka vozidiel"}]}]}}}