{"id":13762,"date":"2020-09-03T21:02:12","date_gmt":"2020-09-03T19:02:12","guid":{"rendered":"https:\/\/slovakiaauto.sk\/servis-a-sluzby\/"},"modified":"2025-05-14T10:45:44","modified_gmt":"2025-05-14T08:45:44","slug":"servis-a-sluzby","status":"publish","type":"page","link":"https:\/\/slovakiaauto.sk\/en\/servis-a-sluzby\/","title":{"rendered":"Servis a slu\u017eby"},"content":{"rendered":"","protected":false},"excerpt":{"rendered":"","protected":false},"author":2,"featured_media":0,"parent":0,"menu_order":5,"comment_status":"closed","ping_status":"closed","template":"templates\/vyskladany-obsah.php","meta":{"inline_featured_image":false},"acf":{"obsah":[{"acf_fc_layout":"hlavicka_blok","blok_obrazok":{"ID":77135,"id":77135,"title":"Small-25928-kia-corporate-extraordinary-world-of-the-kia-ev3-architecture-print-3600x2400","filename":"Small-25928-kia-corporate-extraordinary-world-of-the-kia-ev3-architecture-print-3600x2400-1.jpg","filesize":1487885,"url":"https:\/\/slovakiaauto.sk\/wp-content\/uploads\/2024\/10\/Small-25928-kia-corporate-extraordinary-world-of-the-kia-ev3-architecture-print-3600x2400-1.jpg","link":"https:\/\/slovakiaauto.sk\/en\/servis-a-sluzby\/small-25928-kia-corporate-extraordinary-world-of-the-kia-ev3-architecture-print-3600x2400-2\/","alt":"","author":"13","description":"","caption":"","name":"small-25928-kia-corporate-extraordinary-world-of-the-kia-ev3-architecture-print-3600x2400-2","status":"inherit","uploaded_to":13762,"date":"2024-10-04 11:32:06","modified":"2024-10-04 11:32:06","menu_order":0,"mime_type":"image\/jpeg","type":"image","subtype":"jpeg","icon":"https:\/\/slovakiaauto.sk\/wp-includes\/images\/media\/default.png","width":1500,"height":1000,"sizes":{"thumbnail":"https:\/\/slovakiaauto.sk\/wp-content\/uploads\/2024\/10\/Small-25928-kia-corporate-extraordinary-world-of-the-kia-ev3-architecture-print-3600x2400-1-150x150.jpg","thumbnail-width":150,"thumbnail-height":150,"medium":"https:\/\/slovakiaauto.sk\/wp-content\/uploads\/2024\/10\/Small-25928-kia-corporate-extraordinary-world-of-the-kia-ev3-architecture-print-3600x2400-1-300x200.jpg","medium-width":300,"medium-height":200,"medium_large":"https:\/\/slovakiaauto.sk\/wp-content\/uploads\/2024\/10\/Small-25928-kia-corporate-extraordinary-world-of-the-kia-ev3-architecture-print-3600x2400-1-768x512.jpg","medium_large-width":600,"medium_large-height":400,"large":"https:\/\/slovakiaauto.sk\/wp-content\/uploads\/2024\/10\/Small-25928-kia-corporate-extraordinary-world-of-the-kia-ev3-architecture-print-3600x2400-1-1024x683.jpg","large-width":600,"large-height":400,"1536x1536":"https:\/\/slovakiaauto.sk\/wp-content\/uploads\/2024\/10\/Small-25928-kia-corporate-extraordinary-world-of-the-kia-ev3-architecture-print-3600x2400-1.jpg","1536x1536-width":1500,"1536x1536-height":1000,"2048x2048":"https:\/\/slovakiaauto.sk\/wp-content\/uploads\/2024\/10\/Small-25928-kia-corporate-extraordinary-world-of-the-kia-ev3-architecture-print-3600x2400-1.jpg","2048x2048-width":1500,"2048x2048-height":1000}},"blok_tagy":false,"blok_nadpis":"<span class=\"f300\">Servis<\/span><br \/>\r\na slu\u017eby","blok_text":"<small>V\u017edy najlep\u0161\u00ed<\/small>"},{"acf_fc_layout":"blok_4_tlacitka","blok_velky_blok_textu":"<span>Kontaktujte n\u00e1s telefonicky<\/span>\r\n                        <\/a> \r\n<a href=\"tel:+421905758758\" title=\"\" class=\"nowrap\">                            \r\n                            <svg class=\"sico s_phone2\"><use xlink:href=\"https:\/\/slovakiaauto.sk\/wp-content\/themes\/slovakiaauto\/assets\/layout\/icons.svg#s_phone2\" \/><\/svg>                           \r\n                            <span>+421 905 758 758<\/span>\r\n                        <\/a>","blok_tlacitko_1":"","blok_tlacitko_2":{"title":"Dohodn\u00fa\u0165 servis","url":"https:\/\/slovakiaauto.sk\/objednat-sa-do-servisu\/","target":""},"blok_tlacitko_3":{"title":"Nap\u00ed\u0161te n\u00e1m","url":"https:\/\/slovakiaauto.sk\/kontakt\/","target":""},"blok_tlacitko_4":""},{"acf_fc_layout":"stvorcove_boxy","blok_blok":[{"obrazok":{"ID":7950,"id":7950,"title":"bg","filename":"bg-1.jpg","filesize":130269,"url":"https:\/\/slovakiaauto.sk\/wp-content\/uploads\/2020\/09\/bg-1.jpg","link":"https:\/\/slovakiaauto.sk\/en\/servis-a-sluzby\/bg-2\/","alt":"","author":"2","description":"","caption":"","name":"bg-2","status":"inherit","uploaded_to":13762,"date":"2020-09-10 22:23:29","modified":"2020-09-10 22:23:29","menu_order":0,"mime_type":"image\/jpeg","type":"image","subtype":"jpeg","icon":"https:\/\/slovakiaauto.sk\/wp-includes\/images\/media\/default.png","width":1920,"height":640,"sizes":{"thumbnail":"https:\/\/slovakiaauto.sk\/wp-content\/uploads\/2020\/09\/bg-1-150x150.jpg","thumbnail-width":150,"thumbnail-height":150,"medium":"https:\/\/slovakiaauto.sk\/wp-content\/uploads\/2020\/09\/bg-1-300x100.jpg","medium-width":300,"medium-height":100,"medium_large":"https:\/\/slovakiaauto.sk\/wp-content\/uploads\/2020\/09\/bg-1-768x256.jpg","medium_large-width":600,"medium_large-height":200,"large":"https:\/\/slovakiaauto.sk\/wp-content\/uploads\/2020\/09\/bg-1-1024x341.jpg","large-width":600,"large-height":200,"1536x1536":"https:\/\/slovakiaauto.sk\/wp-content\/uploads\/2020\/09\/bg-1-1536x512.jpg","1536x1536-width":1536,"1536x1536-height":512,"2048x2048":"https:\/\/slovakiaauto.sk\/wp-content\/uploads\/2020\/09\/bg-1.jpg","2048x2048-width":1920,"2048x2048-height":640}},"text":"Pre udr\u017eanie z\u00e1ruky je nevyhnutn\u00e1 n\u00e1v\u0161teva servisu v predp\u00edsan\u00fdch intervaloch pod\u013ea servisnej kni\u017eky.","nadpis":"PRAVIDELN\u00c1 SERVISN\u00c1 PREHLIADKA","link":{"title":"PRAVIDELN\u00c1 SERVISN\u00c1 PREHLIADKA","url":"https:\/\/slovakiaauto.sk\/en\/pravidelna-servisna-prehliadka\/","target":""},"sticker":""},{"obrazok":{"ID":84427,"id":84427,"title":"\u010d\u010d\u010d\u010d","filename":"cccc.jpg","filesize":105416,"url":"https:\/\/slovakiaauto.sk\/wp-content\/uploads\/2025\/03\/cccc.jpg","link":"https:\/\/slovakiaauto.sk\/en\/servis-a-sluzby\/cccc-2\/","alt":"","author":"13","description":"","caption":"","name":"cccc-2","status":"inherit","uploaded_to":13762,"date":"2025-03-14 13:06:02","modified":"2025-03-14 13:06:02","menu_order":0,"mime_type":"image\/jpeg","type":"image","subtype":"jpeg","icon":"https:\/\/slovakiaauto.sk\/wp-includes\/images\/media\/default.png","width":700,"height":700,"sizes":{"thumbnail":"https:\/\/slovakiaauto.sk\/wp-content\/uploads\/2025\/03\/cccc-150x150.jpg","thumbnail-width":150,"thumbnail-height":150,"medium":"https:\/\/slovakiaauto.sk\/wp-content\/uploads\/2025\/03\/cccc-300x300.jpg","medium-width":300,"medium-height":300,"medium_large":"https:\/\/slovakiaauto.sk\/wp-content\/uploads\/2025\/03\/cccc.jpg","medium_large-width":600,"medium_large-height":600,"large":"https:\/\/slovakiaauto.sk\/wp-content\/uploads\/2025\/03\/cccc.jpg","large-width":600,"large-height":600,"1536x1536":"https:\/\/slovakiaauto.sk\/wp-content\/uploads\/2025\/03\/cccc.jpg","1536x1536-width":700,"1536x1536-height":700,"2048x2048":"https:\/\/slovakiaauto.sk\/wp-content\/uploads\/2025\/03\/cccc.jpg","2048x2048-width":700,"2048x2048-height":700}},"text":"Autorizovan\u00fd servis vykon\u00e1 potrebn\u00e9 opravy pou\u017eit\u00edm origin\u00e1lnych dielov pre odstr\u00e1nenie z\u00e1vady krytej z\u00e1rukou.","nadpis":"BEZPLATN\u00c1 OPRAVA V Z\u00c1RU\u010cNEJ DOBE","link":{"title":"BEZPLATN\u00c1 OPRAVA V Z\u00c1RU\u010cNEJ DOBE","url":"https:\/\/slovakiaauto.sk\/en\/bezplatna-oprava-v-zarucnej-dobe\/","target":""},"sticker":""},{"obrazok":{"ID":7954,"id":7954,"title":"s4","filename":"s4-2.jpg","filesize":84634,"url":"https:\/\/slovakiaauto.sk\/wp-content\/uploads\/2020\/09\/s4-2.jpg","link":"https:\/\/slovakiaauto.sk\/en\/servis-a-sluzby\/s4-3\/","alt":"","author":"2","description":"","caption":"","name":"s4-3","status":"inherit","uploaded_to":13762,"date":"2020-09-10 22:25:32","modified":"2020-09-10 22:25:32","menu_order":0,"mime_type":"image\/jpeg","type":"image","subtype":"jpeg","icon":"https:\/\/slovakiaauto.sk\/wp-includes\/images\/media\/default.png","width":960,"height":770,"sizes":{"thumbnail":"https:\/\/slovakiaauto.sk\/wp-content\/uploads\/2020\/09\/s4-2-150x150.jpg","thumbnail-width":150,"thumbnail-height":150,"medium":"https:\/\/slovakiaauto.sk\/wp-content\/uploads\/2020\/09\/s4-2-300x241.jpg","medium-width":300,"medium-height":241,"medium_large":"https:\/\/slovakiaauto.sk\/wp-content\/uploads\/2020\/09\/s4-2-768x616.jpg","medium_large-width":600,"medium_large-height":481,"large":"https:\/\/slovakiaauto.sk\/wp-content\/uploads\/2020\/09\/s4-2.jpg","large-width":600,"large-height":481,"1536x1536":"https:\/\/slovakiaauto.sk\/wp-content\/uploads\/2020\/09\/s4-2.jpg","1536x1536-width":960,"1536x1536-height":770,"2048x2048":"https:\/\/slovakiaauto.sk\/wp-content\/uploads\/2020\/09\/s4-2.jpg","2048x2048-width":960,"2048x2048-height":770}},"text":"Zabezpe\u010dujeme pre v\u00e1s  komplexn\u00e9 rie\u0161enie poistn\u00fdch udalost\u00ed od obhliadky cez vy\u010d\u00edslenie v\u00fd\u0161ky \u0161kody...","nadpis":"OPRAVA PRI POISTNEJ UDALOSTI","link":{"title":"OPRAVA PRI POISTNEJ UDALOSTI","url":"https:\/\/slovakiaauto.sk\/en\/oprava-pri-poistnej-udalosti\/","target":""},"sticker":""}]},{"acf_fc_layout":"slider_clankov","slider_sc_nadpis":"Objavte svet nov\u00fdch mo\u017enost\u00ed s vozidlami KIA","slider_clanky":false}]},"yoast_head":"<!-- This site is optimized with the Yoast SEO plugin v18.4.1 - https:\/\/yoast.com\/wordpress\/plugins\/seo\/ -->\n<title>Servis a slu\u017eby - SlovaKIAauto<\/title>\n<meta name=\"robots\" content=\"index, follow, max-snippet:-1, max-image-preview:large, max-video-preview:-1\" \/>\n<link rel=\"canonical\" href=\"https:\/\/slovakiaauto.sk\/en\/servis-a-sluzby\/\" \/>\n<meta property=\"og:locale\" content=\"en_US\" \/>\n<meta property=\"og:type\" content=\"article\" \/>\n<meta property=\"og:title\" content=\"Servis a slu\u017eby - SlovaKIAauto\" \/>\n<meta property=\"og:url\" content=\"https:\/\/slovakiaauto.sk\/en\/servis-a-sluzby\/\" \/>\n<meta property=\"og:site_name\" content=\"SlovaKIAauto\" \/>\n<meta property=\"article:publisher\" content=\"https:\/\/www.facebook.com\/slovakiaauto\/\" \/>\n<meta property=\"article:modified_time\" content=\"2025-05-14T08:45:44+00:00\" \/>\n<meta name=\"twitter:card\" content=\"summary_large_image\" \/>\n<script type=\"application\/ld+json\" class=\"yoast-schema-graph\">{\"@context\":\"https:\/\/schema.org\",\"@graph\":[{\"@type\":\"WebSite\",\"@id\":\"https:\/\/slovakiaauto.sk\/#website\",\"url\":\"https:\/\/slovakiaauto.sk\/\",\"name\":\"SlovaKIAauto\",\"description\":\"Autorizovan\u00fd predaj a servis KIA\",\"potentialAction\":[{\"@type\":\"SearchAction\",\"target\":{\"@type\":\"EntryPoint\",\"urlTemplate\":\"https:\/\/slovakiaauto.sk\/?s={search_term_string}\"},\"query-input\":\"required name=search_term_string\"}],\"inLanguage\":\"en-US\"},{\"@type\":\"WebPage\",\"@id\":\"https:\/\/slovakiaauto.sk\/en\/servis-a-sluzby\/#webpage\",\"url\":\"https:\/\/slovakiaauto.sk\/en\/servis-a-sluzby\/\",\"name\":\"Servis a slu\u017eby - SlovaKIAauto\",\"isPartOf\":{\"@id\":\"https:\/\/slovakiaauto.sk\/#website\"},\"datePublished\":\"2020-09-03T19:02:12+00:00\",\"dateModified\":\"2025-05-14T08:45:44+00:00\",\"breadcrumb\":{\"@id\":\"https:\/\/slovakiaauto.sk\/en\/servis-a-sluzby\/#breadcrumb\"},\"inLanguage\":\"en-US\",\"potentialAction\":[{\"@type\":\"ReadAction\",\"target\":[\"https:\/\/slovakiaauto.sk\/en\/servis-a-sluzby\/\"]}]},{\"@type\":\"BreadcrumbList\",\"@id\":\"https:\/\/slovakiaauto.sk\/en\/servis-a-sluzby\/#breadcrumb\",\"itemListElement\":[{\"@type\":\"ListItem\",\"position\":1,\"name\":\"Domovsk\u00e1 str\u00e1nka\",\"item\":\"https:\/\/slovakiaauto.sk\/en\/\"},{\"@type\":\"ListItem\",\"position\":2,\"name\":\"Servis a slu\u017eby\"}]}]}<\/script>\n<!-- \/ Yoast SEO plugin. -->","yoast_head_json":{"title":"Servis a slu\u017eby - SlovaKIAauto","robots":{"index":"index","follow":"follow","max-snippet":"max-snippet:-1","max-image-preview":"max-image-preview:large","max-video-preview":"max-video-preview:-1"},"canonical":"https:\/\/slovakiaauto.sk\/en\/servis-a-sluzby\/","og_locale":"en_US","og_type":"article","og_title":"Servis a slu\u017eby - SlovaKIAauto","og_url":"https:\/\/slovakiaauto.sk\/en\/servis-a-sluzby\/","og_site_name":"SlovaKIAauto","article_publisher":"https:\/\/www.facebook.com\/slovakiaauto\/","article_modified_time":"2025-05-14T08:45:44+00:00","twitter_card":"summary_large_image","schema":{"@context":"https:\/\/schema.org","@graph":[{"@type":"WebSite","@id":"https:\/\/slovakiaauto.sk\/#website","url":"https:\/\/slovakiaauto.sk\/","name":"SlovaKIAauto","description":"Autorizovan\u00fd predaj a servis KIA","potentialAction":[{"@type":"SearchAction","target":{"@type":"EntryPoint","urlTemplate":"https:\/\/slovakiaauto.sk\/?s={search_term_string}"},"query-input":"required name=search_term_string"}],"inLanguage":"en-US"},{"@type":"WebPage","@id":"https:\/\/slovakiaauto.sk\/en\/servis-a-sluzby\/#webpage","url":"https:\/\/slovakiaauto.sk\/en\/servis-a-sluzby\/","name":"Servis a slu\u017eby - SlovaKIAauto","isPartOf":{"@id":"https:\/\/slovakiaauto.sk\/#website"},"datePublished":"2020-09-03T19:02:12+00:00","dateModified":"2025-05-14T08:45:44+00:00","breadcrumb":{"@id":"https:\/\/slovakiaauto.sk\/en\/servis-a-sluzby\/#breadcrumb"},"inLanguage":"en-US","potentialAction":[{"@type":"ReadAction","target":["https:\/\/slovakiaauto.sk\/en\/servis-a-sluzby\/"]}]},{"@type":"BreadcrumbList","@id":"https:\/\/slovakiaauto.sk\/en\/servis-a-sluzby\/#breadcrumb","itemListElement":[{"@type":"ListItem","position":1,"name":"Domovsk\u00e1 str\u00e1nka","item":"https:\/\/slovakiaauto.sk\/en\/"},{"@type":"ListItem","position":2,"name":"Servis a slu\u017eby"}]}]}}}