{"id":13763,"date":"2020-09-03T21:02:39","date_gmt":"2020-09-03T19:02:39","guid":{"rendered":"https:\/\/slovakiaauto.sk\/akcie-a-novinky\/"},"modified":"2026-04-02T13:26:47","modified_gmt":"2026-04-02T11:26:47","slug":"akcie-a-novinky","status":"publish","type":"page","link":"https:\/\/slovakiaauto.sk\/en\/akcie-a-novinky\/","title":{"rendered":"Akcie a novinky"},"content":{"rendered":"\n<p>V <strong>Slovakia Auto<\/strong> v\u00e1m pon\u00fakame v\u00fdmenu v\u00e1\u0161ho s\u00fa\u010dasn\u00e9ho jazden\u00e9ho vozidla za <strong>nov\u00e9 auto<\/strong> priamo na pobo\u010dke. Tento proces prebieha r\u00fdchlo, transparentne a bez zbyto\u010dn\u00fdch komplik\u00e1ci\u00ed, m\u00f4\u017eete ho pozna\u0165 aj pod n\u00e1zvom &#8220;<strong>trade-in&#8221;.<\/strong><\/p>\n\n\n\n<h3>Ako prebieha v\u00fdmena vozidla v Slovakia Auto:<\/h3>\n\n\n\n<ol><li><strong>Ocenenie vozidla<\/strong>: Poskytnete z\u00e1kladn\u00e9 \u00fadaje o va\u0161om aute (zna\u010dka, model, rok v\u00fdroby, stav, po\u010det najazden\u00fdch kilometrov). Do 24 hod\u00edn v\u00e1m za\u0161leme predbe\u017en\u00fa cenov\u00fa ponuku. Ak sa objedn\u00e1te na obhliadku priamo na pobo\u010dke, cenu v\u00e1m ozn\u00e1mime u\u017e do 30 min\u00fat. <\/li><li><strong>Obhliadka a dohoda<\/strong>: Na mieste vykon\u00e1me technick\u00fa kontrolu vozidla a dohodneme sa na fin\u00e1lnej cene. Zoh\u013eadn\u00edme aj pr\u00edslu\u0161enstvo ako sez\u00f3nne pneumatiky, disky, nosi\u010de \u010di kompletn\u00fa servisn\u00fa hist\u00f3riu.<\/li><li><strong>Podpis zmluvy a v\u00fdplata<\/strong>: Po dohode vypln\u00edme k\u00fapno-predajn\u00fa zmluvu a e\u0161te v ten de\u0148 prevedieme peniaze na v\u00e1\u0161 \u00fa\u010det.<\/li><\/ol>\n\n\n\n<div class=\"wp-block-buttons\">\n<div class=\"wp-block-button\"><a class=\"wp-block-button__link\" href=\"https:\/\/slovakiaauto.sk\/en\/vykup-vozidla\/\" target=\"_blank\" rel=\"noreferrer noopener\">FORMUL\u00c1R PRE V\u00ddKUP VOZIDLA<\/a><\/div>\n<\/div>\n\n\n\n<h3>Kontaktujte na\u0161ich \u0161pecialistov<\/h3>\n\n\n\n<p>Martin Galis<\/p>\n\n\n\n<ul id=\"block-6000a58c-d3b8-482a-ab90-eac168040b6b\"><li>Telef\u00f3n: <a href=\"http:\/\/+421914328683\/\">+421 914 328 683<\/a><\/li><li>Email: <a href=\"mailto:martin.galis@slovakiaauto.sk\"><\/a><a href=\"mailto:martin.galis@slovakiaauto.sk\">martin.galis@slovakiaauto.sk<\/a><\/li><\/ul>\n\n\n\n<p>R\u00f3bert Luk\u00e1\u010d<\/p>\n\n\n\n<ul id=\"block-6000a58c-d3b8-482a-ab90-eac168040b6b\"><li>Telef\u00f3n: <a href=\"http:\/\/+421911524015\/\"><\/a><a href=\"tel:+421911524015\">+421 911 524 015<\/a><\/li><li>Email: <a href=\"mailto:robert.lukac@slovakiaauto.sk\">robert.lukac@slovakiaauto.sk<\/a><\/li><\/ul>\n\n\n\n<p>4. <strong>V\u00fdber nov\u00e9ho vozidla<\/strong>: Vyberiete si nov\u00e9 alebo jazden\u00e9 auto z na\u0161ej ponuky. <\/p>\n\n\n\n<div class=\"wp-block-buttons\">\n<div class=\"wp-block-button\"><a class=\"wp-block-button__link\" href=\"https:\/\/slovakiaauto.sk\/en\/ponuka-vozidiel\/nove-vozidla\/\" target=\"_blank\" rel=\"noreferrer noopener\">PONUKA NA\u0160ICH VOZIDIEL<\/a><\/div>\n<\/div>\n\n\n\n<p>5. <strong>Administrat\u00edva a poistenie<\/strong>: Postar\u00e1me sa o v\u0161etky administrat\u00edvne n\u00e1le\u017eitosti vr\u00e1tane prihl\u00e1senia vozidla. Auto od n\u00e1s odch\u00e1dza u\u017e poisten\u00e9, pri\u010dom si m\u00f4\u017eete vybra\u0165 z ponuky viacer\u00fdch pois\u0165ovn\u00ed.<\/p>\n\n\n\n<p><\/p>\n\n\n\n<p>V\u010faka tejto slu\u017ebe m\u00f4\u017eete pohodlne a v\u00fdhodne prejs\u0165 zo star\u00e9ho vozidla na nov\u00e9, bez starost\u00ed a s finan\u010dn\u00fdm bonusom.<\/p>\n\n\n\n<p><\/p>\n\n\n\n<p><\/p>\n","protected":false},"excerpt":{"rendered":"<p>V Slovakia Auto v\u00e1m pon\u00fakame v\u00fdmenu v\u00e1\u0161ho s\u00fa\u010dasn\u00e9ho jazden\u00e9ho vozidla za nov\u00e9 auto priamo na pobo\u010dke. Tento proces prebieha r\u00fdchlo, transparentne a bez zbyto\u010dn\u00fdch komplik\u00e1ci\u00ed, m\u00f4\u017eete ho pozna\u0165 aj pod n\u00e1zvom &#8220;trade-in&#8221;. Ako prebieha v\u00fdmena vozidla v Slovakia Auto: Ocenenie vozidla: Poskytnete z\u00e1kladn\u00e9 \u00fadaje o va\u0161om aute (zna\u010dka, model, rok v\u00fdroby, stav, po\u010det najazden\u00fdch kilometrov). [&hellip;]<\/p>\n","protected":false},"author":2,"featured_media":0,"parent":0,"menu_order":6,"comment_status":"closed","ping_status":"closed","template":"templates\/vyskladany-obsah.php","meta":{"inline_featured_image":false},"acf":{"obsah":[{"acf_fc_layout":"hlavicka_blok","blok_obrazok":{"ID":99473,"id":99473,"title":"EV5_GTL_MY26_NA_BEAUTY_34FRONT-_FemaleTalent_cmyk","filename":"EV5_GTL_MY26_NA_BEAUTY_34FRONT-_FemaleTalent_cmyk.png","filesize":4237453,"url":"https:\/\/slovakiaauto.sk\/wp-content\/uploads\/2026\/03\/EV5_GTL_MY26_NA_BEAUTY_34FRONT-_FemaleTalent_cmyk.png","link":"https:\/\/slovakiaauto.sk\/en\/model\/ev5\/ev5_gtl_my26_na_beauty_34front-_femaletalent_cmyk-2\/","alt":"","author":"14","description":"","caption":"","name":"ev5_gtl_my26_na_beauty_34front-_femaletalent_cmyk-2","status":"inherit","uploaded_to":13718,"date":"2026-03-19 13:49:59","modified":"2026-03-19 13:49:59","menu_order":0,"mime_type":"image\/png","type":"image","subtype":"png","icon":"https:\/\/slovakiaauto.sk\/wp-includes\/images\/media\/default.png","width":1920,"height":1091,"sizes":{"thumbnail":"https:\/\/slovakiaauto.sk\/wp-content\/uploads\/2026\/03\/EV5_GTL_MY26_NA_BEAUTY_34FRONT-_FemaleTalent_cmyk-150x150.png","thumbnail-width":150,"thumbnail-height":150,"medium":"https:\/\/slovakiaauto.sk\/wp-content\/uploads\/2026\/03\/EV5_GTL_MY26_NA_BEAUTY_34FRONT-_FemaleTalent_cmyk-300x170.png","medium-width":300,"medium-height":170,"medium_large":"https:\/\/slovakiaauto.sk\/wp-content\/uploads\/2026\/03\/EV5_GTL_MY26_NA_BEAUTY_34FRONT-_FemaleTalent_cmyk-768x436.png","medium_large-width":600,"medium_large-height":341,"large":"https:\/\/slovakiaauto.sk\/wp-content\/uploads\/2026\/03\/EV5_GTL_MY26_NA_BEAUTY_34FRONT-_FemaleTalent_cmyk-1024x582.png","large-width":600,"large-height":341,"1536x1536":"https:\/\/slovakiaauto.sk\/wp-content\/uploads\/2026\/03\/EV5_GTL_MY26_NA_BEAUTY_34FRONT-_FemaleTalent_cmyk-1536x873.png","1536x1536-width":1536,"1536x1536-height":873,"2048x2048":"https:\/\/slovakiaauto.sk\/wp-content\/uploads\/2026\/03\/EV5_GTL_MY26_NA_BEAUTY_34FRONT-_FemaleTalent_cmyk.png","2048x2048-width":1920,"2048x2048-height":1091}},"blok_tagy":false,"blok_nadpis":"V\u017edy nie\u010do naviac<br \/>\r\n<\/span><br \/>\r\n<\/span><br \/>\r\n<\/span><br \/>\r\n<\/span>","blok_text":""},{"acf_fc_layout":"hlavny_text","zobrazit_hlavny_text":true},{"acf_fc_layout":"blok_4_tlacitka","blok_velky_blok_textu":"<span>Kontaktujte n\u00e1s telefonicky<\/span>\r\n            <a href=\"tel:+421268230820\" title=\"\" class=\"nowrap\">                            \r\n                <svg class=\"sico s_phone2\"><use xlink:href=\"https:\/\/slovakiaauto.sk\/wp-content\/themes\/slovakiaauto\/assets\/layout\/icons.svg#s_phone2\" \/><\/svg>                           \r\n                <span>+421 918 484 234<\/span>\r\n            <\/a> <smaller>(infolinka)<smaller>","blok_tlacitko_1":"","blok_tlacitko_2":"","blok_tlacitko_3":"","blok_tlacitko_4":""},{"acf_fc_layout":"stvorcove_boxy","blok_blok":false},{"acf_fc_layout":"text_a_obrazok","text_a_obrazok_text":"","text_a_obrazok_obrazok":false,"text_a_obrazok_odkaz":{"title":"Zisti\u0165 viac","url":"https:\/\/slovakiaauto.sk\/model\/ceed-sw\/","target":"_blank"}},{"acf_fc_layout":"slider_clankov","slider_sc_nadpis":"","slider_clanky":false}]},"yoast_head":"<!-- This site is optimized with the Yoast SEO plugin v18.4.1 - https:\/\/yoast.com\/wordpress\/plugins\/seo\/ -->\n<title>Akcie a novinky - SlovaKIAauto<\/title>\n<meta name=\"robots\" content=\"index, follow, max-snippet:-1, max-image-preview:large, max-video-preview:-1\" \/>\n<link rel=\"canonical\" href=\"https:\/\/slovakiaauto.sk\/en\/akcie-a-novinky\/\" \/>\n<meta property=\"og:locale\" content=\"en_US\" \/>\n<meta property=\"og:type\" content=\"article\" \/>\n<meta property=\"og:title\" content=\"Akcie a novinky - SlovaKIAauto\" \/>\n<meta property=\"og:description\" content=\"V Slovakia Auto v\u00e1m pon\u00fakame v\u00fdmenu v\u00e1\u0161ho s\u00fa\u010dasn\u00e9ho jazden\u00e9ho vozidla za nov\u00e9 auto priamo na pobo\u010dke. Tento proces prebieha r\u00fdchlo, transparentne a bez zbyto\u010dn\u00fdch komplik\u00e1ci\u00ed, m\u00f4\u017eete ho pozna\u0165 aj pod n\u00e1zvom &#8220;trade-in&#8221;. Ako prebieha v\u00fdmena vozidla v Slovakia Auto: Ocenenie vozidla: Poskytnete z\u00e1kladn\u00e9 \u00fadaje o va\u0161om aute (zna\u010dka, model, rok v\u00fdroby, stav, po\u010det najazden\u00fdch kilometrov). [&hellip;]\" \/>\n<meta property=\"og:url\" content=\"https:\/\/slovakiaauto.sk\/en\/akcie-a-novinky\/\" \/>\n<meta property=\"og:site_name\" content=\"SlovaKIAauto\" \/>\n<meta property=\"article:publisher\" content=\"https:\/\/www.facebook.com\/slovakiaauto\/\" \/>\n<meta property=\"article:modified_time\" content=\"2026-04-02T11:26:47+00:00\" \/>\n<meta name=\"twitter:card\" content=\"summary_large_image\" \/>\n<meta name=\"twitter:label1\" content=\"Est. reading time\" \/>\n\t<meta name=\"twitter:data1\" content=\"1 minute\" \/>\n<script type=\"application\/ld+json\" class=\"yoast-schema-graph\">{\"@context\":\"https:\/\/schema.org\",\"@graph\":[{\"@type\":\"WebSite\",\"@id\":\"https:\/\/slovakiaauto.sk\/#website\",\"url\":\"https:\/\/slovakiaauto.sk\/\",\"name\":\"SlovaKIAauto\",\"description\":\"Autorizovan\u00fd predaj a servis KIA\",\"potentialAction\":[{\"@type\":\"SearchAction\",\"target\":{\"@type\":\"EntryPoint\",\"urlTemplate\":\"https:\/\/slovakiaauto.sk\/?s={search_term_string}\"},\"query-input\":\"required name=search_term_string\"}],\"inLanguage\":\"en-US\"},{\"@type\":\"WebPage\",\"@id\":\"https:\/\/slovakiaauto.sk\/en\/akcie-a-novinky\/#webpage\",\"url\":\"https:\/\/slovakiaauto.sk\/en\/akcie-a-novinky\/\",\"name\":\"Akcie a novinky - SlovaKIAauto\",\"isPartOf\":{\"@id\":\"https:\/\/slovakiaauto.sk\/#website\"},\"datePublished\":\"2020-09-03T19:02:39+00:00\",\"dateModified\":\"2026-04-02T11:26:47+00:00\",\"breadcrumb\":{\"@id\":\"https:\/\/slovakiaauto.sk\/en\/akcie-a-novinky\/#breadcrumb\"},\"inLanguage\":\"en-US\",\"potentialAction\":[{\"@type\":\"ReadAction\",\"target\":[\"https:\/\/slovakiaauto.sk\/en\/akcie-a-novinky\/\"]}]},{\"@type\":\"BreadcrumbList\",\"@id\":\"https:\/\/slovakiaauto.sk\/en\/akcie-a-novinky\/#breadcrumb\",\"itemListElement\":[{\"@type\":\"ListItem\",\"position\":1,\"name\":\"Domovsk\u00e1 str\u00e1nka\",\"item\":\"https:\/\/slovakiaauto.sk\/en\/\"},{\"@type\":\"ListItem\",\"position\":2,\"name\":\"Akcie a novinky\"}]}]}<\/script>\n<!-- \/ Yoast SEO plugin. -->","yoast_head_json":{"title":"Akcie a novinky - SlovaKIAauto","robots":{"index":"index","follow":"follow","max-snippet":"max-snippet:-1","max-image-preview":"max-image-preview:large","max-video-preview":"max-video-preview:-1"},"canonical":"https:\/\/slovakiaauto.sk\/en\/akcie-a-novinky\/","og_locale":"en_US","og_type":"article","og_title":"Akcie a novinky - SlovaKIAauto","og_description":"V Slovakia Auto v\u00e1m pon\u00fakame v\u00fdmenu v\u00e1\u0161ho s\u00fa\u010dasn\u00e9ho jazden\u00e9ho vozidla za nov\u00e9 auto priamo na pobo\u010dke. Tento proces prebieha r\u00fdchlo, transparentne a bez zbyto\u010dn\u00fdch komplik\u00e1ci\u00ed, m\u00f4\u017eete ho pozna\u0165 aj pod n\u00e1zvom &#8220;trade-in&#8221;. Ako prebieha v\u00fdmena vozidla v Slovakia Auto: Ocenenie vozidla: Poskytnete z\u00e1kladn\u00e9 \u00fadaje o va\u0161om aute (zna\u010dka, model, rok v\u00fdroby, stav, po\u010det najazden\u00fdch kilometrov). [&hellip;]","og_url":"https:\/\/slovakiaauto.sk\/en\/akcie-a-novinky\/","og_site_name":"SlovaKIAauto","article_publisher":"https:\/\/www.facebook.com\/slovakiaauto\/","article_modified_time":"2026-04-02T11:26:47+00:00","twitter_card":"summary_large_image","twitter_misc":{"Est. reading time":"1 minute"},"schema":{"@context":"https:\/\/schema.org","@graph":[{"@type":"WebSite","@id":"https:\/\/slovakiaauto.sk\/#website","url":"https:\/\/slovakiaauto.sk\/","name":"SlovaKIAauto","description":"Autorizovan\u00fd predaj a servis KIA","potentialAction":[{"@type":"SearchAction","target":{"@type":"EntryPoint","urlTemplate":"https:\/\/slovakiaauto.sk\/?s={search_term_string}"},"query-input":"required name=search_term_string"}],"inLanguage":"en-US"},{"@type":"WebPage","@id":"https:\/\/slovakiaauto.sk\/en\/akcie-a-novinky\/#webpage","url":"https:\/\/slovakiaauto.sk\/en\/akcie-a-novinky\/","name":"Akcie a novinky - SlovaKIAauto","isPartOf":{"@id":"https:\/\/slovakiaauto.sk\/#website"},"datePublished":"2020-09-03T19:02:39+00:00","dateModified":"2026-04-02T11:26:47+00:00","breadcrumb":{"@id":"https:\/\/slovakiaauto.sk\/en\/akcie-a-novinky\/#breadcrumb"},"inLanguage":"en-US","potentialAction":[{"@type":"ReadAction","target":["https:\/\/slovakiaauto.sk\/en\/akcie-a-novinky\/"]}]},{"@type":"BreadcrumbList","@id":"https:\/\/slovakiaauto.sk\/en\/akcie-a-novinky\/#breadcrumb","itemListElement":[{"@type":"ListItem","position":1,"name":"Domovsk\u00e1 str\u00e1nka","item":"https:\/\/slovakiaauto.sk\/en\/"},{"@type":"ListItem","position":2,"name":"Akcie a novinky"}]}]}}}