{"id":13764,"date":"2025-09-03T21:02:26","date_gmt":"2025-09-03T19:02:26","guid":{"rendered":"https:\/\/slovakiaauto.sk\/kontakt\/"},"modified":"2026-04-02T10:06:56","modified_gmt":"2026-04-02T08:06:56","slug":"kontakt","status":"publish","type":"page","link":"https:\/\/slovakiaauto.sk\/en\/kontakt\/","title":{"rendered":"Kontakt"},"content":{"rendered":"","protected":false},"excerpt":{"rendered":"","protected":false},"author":2,"featured_media":0,"parent":0,"menu_order":7,"comment_status":"closed","ping_status":"closed","template":"templates\/kontakt.php","meta":{"inline_featured_image":false},"acf":{"obrazok":{"ID":7961,"id":7961,"title":"bg","filename":"bg-3.jpg","filesize":335779,"url":"https:\/\/slovakiaauto.sk\/wp-content\/uploads\/2020\/09\/bg-3.jpg","link":"https:\/\/slovakiaauto.sk\/en\/kontakt\/bg-4\/","alt":"","author":"2","description":"","caption":"","name":"bg-4","status":"inherit","uploaded_to":13764,"date":"2020-09-12 12:04:45","modified":"2020-09-12 12:04:45","menu_order":0,"mime_type":"image\/jpeg","type":"image","subtype":"jpeg","icon":"https:\/\/slovakiaauto.sk\/wp-includes\/images\/media\/default.png","width":1920,"height":640,"sizes":{"thumbnail":"https:\/\/slovakiaauto.sk\/wp-content\/uploads\/2020\/09\/bg-3-150x150.jpg","thumbnail-width":150,"thumbnail-height":150,"medium":"https:\/\/slovakiaauto.sk\/wp-content\/uploads\/2020\/09\/bg-3-300x100.jpg","medium-width":300,"medium-height":100,"medium_large":"https:\/\/slovakiaauto.sk\/wp-content\/uploads\/2020\/09\/bg-3-768x256.jpg","medium_large-width":600,"medium_large-height":200,"large":"https:\/\/slovakiaauto.sk\/wp-content\/uploads\/2020\/09\/bg-3-1024x341.jpg","large-width":600,"large-height":200,"1536x1536":"https:\/\/slovakiaauto.sk\/wp-content\/uploads\/2020\/09\/bg-3-1536x512.jpg","1536x1536-width":1536,"1536x1536-height":512,"2048x2048":"https:\/\/slovakiaauto.sk\/wp-content\/uploads\/2020\/09\/bg-3.jpg","2048x2048-width":1920,"2048x2048-height":640}},"tagy":false,"nadpis":"Kontakt","text":"Tu je n\u00e1\u0161","hlavicka":{"obrazok":{"ID":29546,"id":29546,"title":"R9A7331_online","filename":"R9A7331_online-1.jpg","filesize":1917099,"url":"https:\/\/slovakiaauto.sk\/wp-content\/uploads\/2021\/09\/R9A7331_online-1.jpg","link":"https:\/\/slovakiaauto.sk\/en\/kontakt\/r9a7331_online-3-2\/","alt":"","author":"3","description":"","caption":"","name":"r9a7331_online-3-2","status":"inherit","uploaded_to":13764,"date":"2021-09-13 13:41:01","modified":"2021-09-13 13:41:01","menu_order":0,"mime_type":"image\/jpeg","type":"image","subtype":"jpeg","icon":"https:\/\/slovakiaauto.sk\/wp-includes\/images\/media\/default.png","width":1920,"height":1280,"sizes":{"thumbnail":"https:\/\/slovakiaauto.sk\/wp-content\/uploads\/2021\/09\/R9A7331_online-1-150x150.jpg","thumbnail-width":150,"thumbnail-height":150,"medium":"https:\/\/slovakiaauto.sk\/wp-content\/uploads\/2021\/09\/R9A7331_online-1-300x200.jpg","medium-width":300,"medium-height":200,"medium_large":"https:\/\/slovakiaauto.sk\/wp-content\/uploads\/2021\/09\/R9A7331_online-1-768x512.jpg","medium_large-width":600,"medium_large-height":400,"large":"https:\/\/slovakiaauto.sk\/wp-content\/uploads\/2021\/09\/R9A7331_online-1-1024x683.jpg","large-width":600,"large-height":400,"1536x1536":"https:\/\/slovakiaauto.sk\/wp-content\/uploads\/2021\/09\/R9A7331_online-1-1536x1024.jpg","1536x1536-width":1536,"1536x1536-height":1024,"2048x2048":"https:\/\/slovakiaauto.sk\/wp-content\/uploads\/2021\/09\/R9A7331_online-1.jpg","2048x2048-width":1920,"2048x2048-height":1280}},"tagy":false,"nadpis":"Kontakt<br \/>\r\n<br><br \/>\r\n<br><br \/>\r\n","text":""},"k_nadpis":"Slovakia Auto, s.r.o.","k_blok_1":"<p><strong>Autorizovan\u00fd predajca zna\u010dky KIA<\/strong><\/p>\n<p>Pan\u00f3nska cesta 30<br \/>\nBratislava 851 04<\/p>\n<p>Mobil: <a href=\"tel:+421918484234\">+421 918 484 234<\/a><br \/>\nTelef\u00f3n: <a href=\"tel:+421268230800\">+421 2 68 230 800<\/a><br \/>\nMail: <a href=\"mailto:recepcia@slovakiaauto.sk\">recepcia@slovakiaauto.sk<\/a><\/p>\n","k_blok_2":"<p><span style=\"color: #ab1a2d;\"><strong>OTV\u00c1RACIE HODINY<\/strong><\/span><\/p>\n<p><strong>PREDAJ VOZIDIEL<\/strong><\/p>\n<p>Po \u2013 Pia: 8:00 \u2013 18:00<\/p>\n<p>So: 9:00 &#8211; 13:00<\/p>\n<p>Ne: Zatvoren\u00e9<\/p>\n","k_blok_3":"<p><strong>Servisn\u00e9 centrum<\/strong><\/p>\n<p>Pan\u00f3nska cesta 30<br \/>\nBratislava 851 04<\/p>\n<p>Mobil: <a href=\"tel:+421905758758\">+421 905 758 758<\/a><br \/>\nMail: <a href=\"mailto:servis@slovakiaauto.sk\">servis@slovakiaauto.sk<\/a><\/p>\n","k_blok_4":"<p><strong>SERVIS<\/strong><\/p>\n<p>Po \u2013 Pia: 7:30 \u2013 18:00<\/p>\n<p>So \u2013 Ne: Zatvoren\u00e9<\/p>\n","k_adresa":"","k_telefon":"+ 421 2 68 230 800","k_email":"panonska@slovakiaauto.sk","4_tlacitka":{"velky_blok_textu":"<span>Kontaktujte n\u00e1s telefonicky<\/span>\r\n                        <a href=\"tel:+421268230820\" title=\"\" class=\"nowrap\">                            \r\n                            <svg class=\"sico s_phone2\"><use xlink:href=\"https:\/\/slovakiaauto.sk\/wp-content\/themes\/slovakiaauto\/assets\/layout\/icons.svg#s_phone2\" \/><\/svg>                           \r\n                            <span>+421 918 484 234<\/span>\r\n                        <\/a>","tlacitko_1":{"title":"Cenov\u00e1 ponuka \u2013 model","url":"https:\/\/slovakiaauto.sk\/en\/cenova-ponuka-model\/","target":"_blank"},"tlacitko_2":{"title":"Objedna\u0165 sa do servisu","url":"https:\/\/slovakiaauto.sk\/en\/objednat-sa-do-servisu\/","target":"_blank"},"tlacitko_3":{"title":"Ponuka vozidiel","url":"https:\/\/slovakiaauto.sk\/en\/ponuka-vozidiel\/","target":"_blank"},"tlacitko_4":{"title":"Sk\u00fa\u0161obn\u00e1 jazda nov\u00e9ho vozidla","url":"https:\/\/slovakiaauto.sk\/en\/skusobna-jazda-noveho-vozidla\/","target":"_blank"}},"tim_nadpis":"N\u00c1\u0160 T\u00cdM, KTOR\u00dd SA O V\u00c1S POSTAR\u00c1.","tim_text":"","tim":[{"nazov_kategorie":"VEDENIE A BACK OFFICE","zamestnanci":[{"ID":13712,"post_author":"2","post_date":"2020-09-19 19:00:35","post_date_gmt":"2020-09-19 17:00:35","post_content":"","post_title":"Ing. Peter Maz\u00e1n","post_excerpt":"","post_status":"publish","comment_status":"closed","ping_status":"closed","post_password":"","post_name":"ing-peter-mazan","to_ping":"","pinged":"","post_modified":"2021-07-07 11:17:58","post_modified_gmt":"2021-07-07 09:17:58","post_content_filtered":"","post_parent":0,"guid":"https:\/\/slovakiaauto.sk\/zamestnanec\/ing-peter-mazan\/","menu_order":0,"post_type":"zamestnanec","post_mime_type":"","comment_count":"0","filter":"raw"},{"ID":65168,"post_author":"7","post_date":"2024-02-13 15:36:58","post_date_gmt":"2024-02-13 14:36:58","post_content":"","post_title":"Katar\u00edna Slab\u00e1 Cudzi\u0161ov\u00e1","post_excerpt":"","post_status":"publish","comment_status":"closed","ping_status":"closed","post_password":"","post_name":"katarina-slaba","to_ping":"","pinged":"","post_modified":"2025-07-16 10:58:19","post_modified_gmt":"2025-07-16 08:58:19","post_content_filtered":"","post_parent":0,"guid":"https:\/\/slovakiaauto.sk\/?post_type=zamestnanec&#038;p=65168","menu_order":0,"post_type":"zamestnanec","post_mime_type":"","comment_count":"0","filter":"raw"},{"ID":13701,"post_author":"2","post_date":"2020-09-19 19:00:35","post_date_gmt":"2020-09-19 17:00:35","post_content":"","post_title":"Lucia Weindlingov\u00e1","post_excerpt":"","post_status":"publish","comment_status":"closed","ping_status":"closed","post_password":"","post_name":"mgr-zuzana-frankova","to_ping":"","pinged":"","post_modified":"2025-02-12 16:07:03","post_modified_gmt":"2025-02-12 15:07:03","post_content_filtered":"","post_parent":0,"guid":"https:\/\/slovakiaauto.sk\/zamestnanec\/mgr-gabriela-halasova\/","menu_order":0,"post_type":"zamestnanec","post_mime_type":"","comment_count":"0","filter":"raw"},{"ID":93196,"post_author":"13","post_date":"2025-11-10 10:50:28","post_date_gmt":"2025-11-10 09:50:28","post_content":"","post_title":"Kl\u00e1ra Vierikov\u00e1","post_excerpt":"","post_status":"publish","comment_status":"closed","ping_status":"closed","post_password":"","post_name":"klara-vierikova","to_ping":"","pinged":"","post_modified":"2025-11-10 10:50:28","post_modified_gmt":"2025-11-10 09:50:28","post_content_filtered":"","post_parent":0,"guid":"https:\/\/slovakiaauto.sk\/?post_type=zamestnanec&#038;p=93196","menu_order":0,"post_type":"zamestnanec","post_mime_type":"","comment_count":"0","filter":"raw"}]},{"nazov_kategorie":"PREDAJ NOV\u00ddCH VOZIDIEL","zamestnanci":[{"ID":13700,"post_author":"2","post_date":"2020-09-19 19:00:35","post_date_gmt":"2020-09-19 17:00:35","post_content":"","post_title":"Mgr. Igor Mader","post_excerpt":"","post_status":"publish","comment_status":"closed","ping_status":"closed","post_password":"","post_name":"mgr-igor-mader","to_ping":"","pinged":"","post_modified":"2021-07-07 11:21:44","post_modified_gmt":"2021-07-07 09:21:44","post_content_filtered":"","post_parent":0,"guid":"https:\/\/slovakiaauto.sk\/zamestnanec\/mgr-igor-mader\/","menu_order":0,"post_type":"zamestnanec","post_mime_type":"","comment_count":"0","filter":"raw"},{"ID":13705,"post_author":"2","post_date":"2020-09-19 19:00:35","post_date_gmt":"2020-09-19 17:00:35","post_content":"","post_title":"Martin Vr\u00e1be\u013e","post_excerpt":"","post_status":"publish","comment_status":"closed","ping_status":"closed","post_password":"","post_name":"martin-vrabel","to_ping":"","pinged":"","post_modified":"2021-07-07 11:20:19","post_modified_gmt":"2021-07-07 09:20:19","post_content_filtered":"","post_parent":0,"guid":"https:\/\/slovakiaauto.sk\/zamestnanec\/martin-vrabel\/","menu_order":0,"post_type":"zamestnanec","post_mime_type":"","comment_count":"0","filter":"raw"},{"ID":13693,"post_author":"2","post_date":"2020-09-19 19:00:36","post_date_gmt":"2020-09-19 17:00:36","post_content":"","post_title":"Mgr. Peter Sumec","post_excerpt":"","post_status":"publish","comment_status":"closed","ping_status":"closed","post_password":"","post_name":"mgr-peter-sumec","to_ping":"","pinged":"","post_modified":"2025-11-25 15:32:53","post_modified_gmt":"2025-11-25 14:32:53","post_content_filtered":"","post_parent":0,"guid":"https:\/\/slovakiaauto.sk\/zamestnanec\/mgr-peter-sumec\/","menu_order":0,"post_type":"zamestnanec","post_mime_type":"","comment_count":"0","filter":"raw"},{"ID":85205,"post_author":"13","post_date":"2025-05-14 10:31:48","post_date_gmt":"2025-05-14 08:31:48","post_content":"","post_title":"Zuzana Kl\u00edmov\u00e1","post_excerpt":"","post_status":"publish","comment_status":"closed","ping_status":"closed","post_password":"","post_name":"zuzana-klimova","to_ping":"","pinged":"","post_modified":"2025-05-14 13:23:24","post_modified_gmt":"2025-05-14 11:23:24","post_content_filtered":"","post_parent":0,"guid":"https:\/\/slovakiaauto.sk\/?post_type=zamestnanec&#038;p=85205","menu_order":0,"post_type":"zamestnanec","post_mime_type":"","comment_count":"0","filter":"raw"},{"ID":13694,"post_author":"2","post_date":"2020-09-19 19:00:36","post_date_gmt":"2020-09-19 17:00:36","post_content":"","post_title":"Mgr. Michael Mag","post_excerpt":"","post_status":"publish","comment_status":"closed","ping_status":"closed","post_password":"","post_name":"mgr-michael-mag","to_ping":"","pinged":"","post_modified":"2025-08-08 10:41:40","post_modified_gmt":"2025-08-08 08:41:40","post_content_filtered":"","post_parent":0,"guid":"https:\/\/slovakiaauto.sk\/zamestnanec\/mgr-michael-mag\/","menu_order":0,"post_type":"zamestnanec","post_mime_type":"","comment_count":"0","filter":"raw"},{"ID":100152,"post_author":"14","post_date":"2026-04-02 09:53:49","post_date_gmt":"2026-04-02 07:53:49","post_content":"","post_title":"Mgr. Michal Mikulka","post_excerpt":"","post_status":"publish","comment_status":"closed","ping_status":"closed","post_password":"","post_name":"mgr-michal-mikulka","to_ping":"","pinged":"","post_modified":"2026-04-02 10:00:30","post_modified_gmt":"2026-04-02 08:00:30","post_content_filtered":"","post_parent":0,"guid":"https:\/\/slovakiaauto.sk\/?post_type=zamestnanec&#038;p=100152","menu_order":0,"post_type":"zamestnanec","post_mime_type":"","comment_count":"0","filter":"raw"}]},{"nazov_kategorie":"PREDAJ JAZDEN\u00ddCH VOZIDIEL","zamestnanci":[{"ID":44198,"post_author":"7","post_date":"2022-12-05 16:38:36","post_date_gmt":"2022-12-05 15:38:36","post_content":"","post_title":"Bc. R\u00f3bert Luk\u00e1\u010d","post_excerpt":"","post_status":"publish","comment_status":"closed","ping_status":"closed","post_password":"","post_name":"bc-robert-lukac","to_ping":"","pinged":"","post_modified":"2023-01-20 10:35:19","post_modified_gmt":"2023-01-20 09:35:19","post_content_filtered":"","post_parent":0,"guid":"https:\/\/slovakiaauto.sk\/?post_type=zamestnanec&#038;p=44198","menu_order":0,"post_type":"zamestnanec","post_mime_type":"","comment_count":"0","filter":"raw"},{"ID":13713,"post_author":"2","post_date":"2020-09-19 19:00:35","post_date_gmt":"2020-09-19 17:00:35","post_content":"","post_title":"Martin G\u00e1lis","post_excerpt":"","post_status":"publish","comment_status":"closed","ping_status":"closed","post_password":"","post_name":"martin-galis","to_ping":"","pinged":"","post_modified":"2022-12-07 20:38:12","post_modified_gmt":"2022-12-07 19:38:12","post_content_filtered":"","post_parent":0,"guid":"https:\/\/slovakiaauto.sk\/zamestnanec\/martin-galis\/","menu_order":0,"post_type":"zamestnanec","post_mime_type":"","comment_count":"0","filter":"raw"}]},{"nazov_kategorie":"SERVIS","zamestnanci":[{"ID":13703,"post_author":"2","post_date":"2020-09-19 19:00:35","post_date_gmt":"2020-09-19 17:00:35","post_content":"","post_title":"Ing. Milan Klac\u00edk MBA","post_excerpt":"","post_status":"publish","comment_status":"closed","ping_status":"closed","post_password":"","post_name":"jaroslav-gregor","to_ping":"","pinged":"","post_modified":"2025-02-12 16:05:23","post_modified_gmt":"2025-02-12 15:05:23","post_content_filtered":"","post_parent":0,"guid":"https:\/\/slovakiaauto.sk\/zamestnanec\/jaroslav-gregor\/","menu_order":0,"post_type":"zamestnanec","post_mime_type":"","comment_count":"0","filter":"raw"},{"ID":85210,"post_author":"13","post_date":"2025-05-14 10:42:17","post_date_gmt":"2025-05-14 08:42:17","post_content":"","post_title":"Viliam O\u010den\u00e1\u0161","post_excerpt":"","post_status":"publish","comment_status":"closed","ping_status":"closed","post_password":"","post_name":"viliam-ocenas","to_ping":"","pinged":"","post_modified":"2025-11-07 11:56:12","post_modified_gmt":"2025-11-07 10:56:12","post_content_filtered":"","post_parent":0,"guid":"https:\/\/slovakiaauto.sk\/?post_type=zamestnanec&#038;p=85210","menu_order":0,"post_type":"zamestnanec","post_mime_type":"","comment_count":"0","filter":"raw"},{"ID":13697,"post_author":"2","post_date":"2020-09-19 19:00:35","post_date_gmt":"2020-09-19 17:00:35","post_content":"","post_title":"Ing. Martin Korpo\u0148","post_excerpt":"","post_status":"publish","comment_status":"closed","ping_status":"closed","post_password":"","post_name":"ing-martin-korpon","to_ping":"","pinged":"","post_modified":"2021-07-07 11:22:42","post_modified_gmt":"2021-07-07 09:22:42","post_content_filtered":"","post_parent":0,"guid":"https:\/\/slovakiaauto.sk\/zamestnanec\/ing-martin-korpon\/","menu_order":0,"post_type":"zamestnanec","post_mime_type":"","comment_count":"0","filter":"raw"},{"ID":85874,"post_author":"13","post_date":"2025-06-04 09:01:54","post_date_gmt":"2025-06-04 07:01:54","post_content":"","post_title":"Mat\u00fa\u0161 Matuzn\u00fd","post_excerpt":"","post_status":"publish","comment_status":"closed","ping_status":"closed","post_password":"","post_name":"matus-matuzny","to_ping":"","pinged":"","post_modified":"2025-11-07 11:52:48","post_modified_gmt":"2025-11-07 10:52:48","post_content_filtered":"","post_parent":0,"guid":"https:\/\/slovakiaauto.sk\/?post_type=zamestnanec&#038;p=85874","menu_order":0,"post_type":"zamestnanec","post_mime_type":"","comment_count":"0","filter":"raw"},{"ID":13709,"post_author":"2","post_date":"2020-09-19 19:00:35","post_date_gmt":"2020-09-19 17:00:35","post_content":"","post_title":"Juraj P\u00f3nya","post_excerpt":"","post_status":"publish","comment_status":"closed","ping_status":"closed","post_password":"","post_name":"juraj-ponya","to_ping":"","pinged":"","post_modified":"2021-07-07 11:19:10","post_modified_gmt":"2021-07-07 09:19:10","post_content_filtered":"","post_parent":0,"guid":"https:\/\/slovakiaauto.sk\/zamestnanec\/juraj-ponya\/","menu_order":0,"post_type":"zamestnanec","post_mime_type":"","comment_count":"0","filter":"raw"},{"ID":13710,"post_author":"2","post_date":"2020-09-19 19:00:35","post_date_gmt":"2020-09-19 17:00:35","post_content":"","post_title":"Michal Komora","post_excerpt":"","post_status":"publish","comment_status":"closed","ping_status":"closed","post_password":"","post_name":"michal-komora","to_ping":"","pinged":"","post_modified":"2021-07-07 11:18:43","post_modified_gmt":"2021-07-07 09:18:43","post_content_filtered":"","post_parent":0,"guid":"https:\/\/slovakiaauto.sk\/zamestnanec\/michal-komora\/","menu_order":0,"post_type":"zamestnanec","post_mime_type":"","comment_count":"0","filter":"raw"},{"ID":13708,"post_author":"2","post_date":"2020-09-19 19:00:35","post_date_gmt":"2020-09-19 17:00:35","post_content":"","post_title":"Martin Mah\u00fat","post_excerpt":"","post_status":"publish","comment_status":"closed","ping_status":"closed","post_password":"","post_name":"martin-mahut","to_ping":"","pinged":"","post_modified":"2021-07-07 11:09:23","post_modified_gmt":"2021-07-07 09:09:23","post_content_filtered":"","post_parent":0,"guid":"https:\/\/slovakiaauto.sk\/zamestnanec\/martin-mahut\/","menu_order":0,"post_type":"zamestnanec","post_mime_type":"","comment_count":"0","filter":"raw"}]},{"nazov_kategorie":"SKLAD N\u00c1HRADN\u00ddCH DIELOV A PR\u00cdSLU\u0160ENSTVA","zamestnanci":[{"ID":13711,"post_author":"2","post_date":"2020-09-19 19:00:35","post_date_gmt":"2020-09-19 17:00:35","post_content":"","post_title":"J\u00e1n Klacik","post_excerpt":"","post_status":"publish","comment_status":"closed","ping_status":"closed","post_password":"","post_name":"jan-klacik","to_ping":"","pinged":"","post_modified":"2021-07-07 11:18:20","post_modified_gmt":"2021-07-07 09:18:20","post_content_filtered":"","post_parent":0,"guid":"https:\/\/slovakiaauto.sk\/zamestnanec\/jan-klacik\/","menu_order":0,"post_type":"zamestnanec","post_mime_type":"","comment_count":"0","filter":"raw"},{"ID":25639,"post_author":"3","post_date":"2021-07-07 11:01:22","post_date_gmt":"2021-07-07 09:01:22","post_content":"","post_title":"Tom\u00e1\u0161 Ra\u0161ko","post_excerpt":"","post_status":"publish","comment_status":"closed","ping_status":"closed","post_password":"","post_name":"tomas-rasko","to_ping":"","pinged":"","post_modified":"2025-11-07 11:57:45","post_modified_gmt":"2025-11-07 10:57:45","post_content_filtered":"","post_parent":0,"guid":"https:\/\/slovakiaauto.sk\/?post_type=zamestnanec&#038;p=25639","menu_order":0,"post_type":"zamestnanec","post_mime_type":"","comment_count":"0","filter":"raw"}]},{"nazov_kategorie":"AUTOPO\u017dI\u010cOV\u0147A KIA DRIVE","zamestnanci":[{"ID":13706,"post_author":"2","post_date":"2020-09-19 19:00:35","post_date_gmt":"2020-09-19 17:00:35","post_content":"","post_title":"Jozef Bet\u00e1k","post_excerpt":"","post_status":"publish","comment_status":"closed","ping_status":"closed","post_password":"","post_name":"jan-babkovic","to_ping":"","pinged":"","post_modified":"2025-06-03 09:34:13","post_modified_gmt":"2025-06-03 07:34:13","post_content_filtered":"","post_parent":0,"guid":"https:\/\/slovakiaauto.sk\/zamestnanec\/jan-babkovic\/","menu_order":0,"post_type":"zamestnanec","post_mime_type":"","comment_count":"0","filter":"raw"}]}],"banner":{"banner_obrazok":false,"banner_nadpis":"","banner_text":"","banner_odkaz":{"title":"","url":"","target":"","0":""}},"k_blok_5":"","k_blok_6":"","k_adresa_2":"Einsteinova 3541\/22<br \/>\r\nBratislava 851 01","k_telefon_2":"+ 421 911 708 809","k_email_2":"instore@slovakiaauto.sk","k_blok_7":"<p><span style=\"color: #ab1a2d;\"><strong>FAKTURA\u010cN\u00c9 \u00daDAJE<\/strong><\/span><\/p>\n<p><strong>Slovakia Auto, s.r.o.<\/strong><br \/>\nPan\u00f3nska cesta 30<br \/>\nBratislava 851 04<br \/>\nI\u010cO: 36 700 801<br \/>\nI\u010c DPH: SK 202 227 5992<br \/>\nZap\u00edsan\u00e1 v OR Mestsk\u00e9ho s\u00fadu Bratislava III.<br \/>\noddiel Sro, vlo\u017eka 43185\/B<\/p>\n"},"yoast_head":"<!-- This site is optimized with the Yoast SEO plugin v18.4.1 - https:\/\/yoast.com\/wordpress\/plugins\/seo\/ -->\n<title>Kontakt - SlovaKIAauto<\/title>\n<meta name=\"robots\" content=\"index, follow, max-snippet:-1, max-image-preview:large, max-video-preview:-1\" \/>\n<link rel=\"canonical\" href=\"https:\/\/slovakiaauto.sk\/en\/kontakt\/\" \/>\n<meta property=\"og:locale\" content=\"en_US\" \/>\n<meta property=\"og:type\" content=\"article\" \/>\n<meta property=\"og:title\" content=\"Kontakt - SlovaKIAauto\" \/>\n<meta property=\"og:url\" content=\"https:\/\/slovakiaauto.sk\/en\/kontakt\/\" \/>\n<meta property=\"og:site_name\" content=\"SlovaKIAauto\" \/>\n<meta property=\"article:publisher\" content=\"https:\/\/www.facebook.com\/slovakiaauto\/\" \/>\n<meta property=\"article:modified_time\" content=\"2026-04-02T08:06:56+00:00\" \/>\n<meta name=\"twitter:card\" content=\"summary_large_image\" \/>\n<script type=\"application\/ld+json\" class=\"yoast-schema-graph\">{\"@context\":\"https:\/\/schema.org\",\"@graph\":[{\"@type\":\"WebSite\",\"@id\":\"https:\/\/slovakiaauto.sk\/#website\",\"url\":\"https:\/\/slovakiaauto.sk\/\",\"name\":\"SlovaKIAauto\",\"description\":\"Autorizovan\u00fd predaj a servis KIA\",\"potentialAction\":[{\"@type\":\"SearchAction\",\"target\":{\"@type\":\"EntryPoint\",\"urlTemplate\":\"https:\/\/slovakiaauto.sk\/?s={search_term_string}\"},\"query-input\":\"required name=search_term_string\"}],\"inLanguage\":\"en-US\"},{\"@type\":\"WebPage\",\"@id\":\"https:\/\/slovakiaauto.sk\/en\/kontakt\/#webpage\",\"url\":\"https:\/\/slovakiaauto.sk\/en\/kontakt\/\",\"name\":\"Kontakt - SlovaKIAauto\",\"isPartOf\":{\"@id\":\"https:\/\/slovakiaauto.sk\/#website\"},\"datePublished\":\"2025-09-03T19:02:26+00:00\",\"dateModified\":\"2026-04-02T08:06:56+00:00\",\"breadcrumb\":{\"@id\":\"https:\/\/slovakiaauto.sk\/en\/kontakt\/#breadcrumb\"},\"inLanguage\":\"en-US\",\"potentialAction\":[{\"@type\":\"ReadAction\",\"target\":[\"https:\/\/slovakiaauto.sk\/en\/kontakt\/\"]}]},{\"@type\":\"BreadcrumbList\",\"@id\":\"https:\/\/slovakiaauto.sk\/en\/kontakt\/#breadcrumb\",\"itemListElement\":[{\"@type\":\"ListItem\",\"position\":1,\"name\":\"Domovsk\u00e1 str\u00e1nka\",\"item\":\"https:\/\/slovakiaauto.sk\/en\/\"},{\"@type\":\"ListItem\",\"position\":2,\"name\":\"Kontakt\"}]}]}<\/script>\n<!-- \/ Yoast SEO plugin. -->","yoast_head_json":{"title":"Kontakt - SlovaKIAauto","robots":{"index":"index","follow":"follow","max-snippet":"max-snippet:-1","max-image-preview":"max-image-preview:large","max-video-preview":"max-video-preview:-1"},"canonical":"https:\/\/slovakiaauto.sk\/en\/kontakt\/","og_locale":"en_US","og_type":"article","og_title":"Kontakt - SlovaKIAauto","og_url":"https:\/\/slovakiaauto.sk\/en\/kontakt\/","og_site_name":"SlovaKIAauto","article_publisher":"https:\/\/www.facebook.com\/slovakiaauto\/","article_modified_time":"2026-04-02T08:06:56+00:00","twitter_card":"summary_large_image","schema":{"@context":"https:\/\/schema.org","@graph":[{"@type":"WebSite","@id":"https:\/\/slovakiaauto.sk\/#website","url":"https:\/\/slovakiaauto.sk\/","name":"SlovaKIAauto","description":"Autorizovan\u00fd predaj a servis KIA","potentialAction":[{"@type":"SearchAction","target":{"@type":"EntryPoint","urlTemplate":"https:\/\/slovakiaauto.sk\/?s={search_term_string}"},"query-input":"required name=search_term_string"}],"inLanguage":"en-US"},{"@type":"WebPage","@id":"https:\/\/slovakiaauto.sk\/en\/kontakt\/#webpage","url":"https:\/\/slovakiaauto.sk\/en\/kontakt\/","name":"Kontakt - SlovaKIAauto","isPartOf":{"@id":"https:\/\/slovakiaauto.sk\/#website"},"datePublished":"2025-09-03T19:02:26+00:00","dateModified":"2026-04-02T08:06:56+00:00","breadcrumb":{"@id":"https:\/\/slovakiaauto.sk\/en\/kontakt\/#breadcrumb"},"inLanguage":"en-US","potentialAction":[{"@type":"ReadAction","target":["https:\/\/slovakiaauto.sk\/en\/kontakt\/"]}]},{"@type":"BreadcrumbList","@id":"https:\/\/slovakiaauto.sk\/en\/kontakt\/#breadcrumb","itemListElement":[{"@type":"ListItem","position":1,"name":"Domovsk\u00e1 str\u00e1nka","item":"https:\/\/slovakiaauto.sk\/en\/"},{"@type":"ListItem","position":2,"name":"Kontakt"}]}]}}}